{"id":8592,"date":"2017-09-24T13:36:46","date_gmt":"2017-09-24T10:36:46","guid":{"rendered":"https:\/\/powerupspot.com\/power-up-spot\/"},"modified":"2023-06-28T18:56:34","modified_gmt":"2023-06-28T15:56:34","slug":"power-up-spot","status":"publish","type":"page","link":"https:\/\/powerupspot.com\/da\/","title":{"rendered":"Power Up Spot\u00ae"},"content":{"rendered":"<p>[vc_row isfullwidth=&#8221;0&#8243;][vc_column el_class=&#8221;area-home&#8221;][rev_slider_vc alias=&#8221;home-slide-dk&#8221;][\/vc_column][\/vc_row][vc_row css=&#8221;.vc_custom_1589386826466{padding-top: 0px !important;padding-bottom: 50px !important;}&#8221;][vc_column el_class=&#8221;area-overview&#8221;][pbr_title_heading title=&#8221;Power Up Spot\u00ae&#8221; descript=&#8221;\u039f\u039c&#8221; style=&#8221;heading-style1&#8243; subtitle=&#8221;Shop&#8221;][vc_row_inner][vc_column_inner width=&#8221;1\/3&#8243;][vc_column_text]<b>Power Up Spot\u00ae<\/b><\/p>\n<p>Power Up Spot\u00ae producere, designer og levere powerbanks til virksomheder og brands i hele Europa. Vi har leveret vores unikke powerbanks til virksomheder og brands, siden \u00e5r 2016.<\/p>\n<p>Vores powerbanks er skr\u00e6ddersyet til vores kunder. Dit artwork designes efter din virksomheds \u00f8nske om budskab. F.eks. Til en produktlancering eller branding af din virksomhed.<\/p>\n<p>Alle vores powerbanks har en batterikapacitet p\u00e5 20.000 mAh, som kan oplade en smartphone op til 8 gange.<\/p>\n<p>Vores powerbanks har to kabler med spiralhoved (lightning \/micro-USB\/type-C), og kan derfor oplade alle smartphones (af ethvert m\u00e6rke), tablets, musikafspillere, digitale kameraer osv.<\/p>\n<p>Vores powerbanks bliver brugt af virksomheder i alle st\u00f8rrelser. Vi har ingen minimums bestilling. Om jeres behov er en eller flere tusind powerbanks, kan vi klare opgave.<\/p>\n<p>Power Up Spot\u00ae er et registreret varem\u00e6rke, og vi har patent p\u00e5 produktet, og derfor vil du ikke kunne finde den samme unikke powerbank andre steder.[\/vc_column_text][\/vc_column_inner][vc_column_inner width=&#8221;1\/3&#8243;][vc_single_image image=&#8221;8269&#8243; img_size=&#8221;full&#8221;][\/vc_column_inner][vc_column_inner width=&#8221;1\/3&#8243;][vc_column_text]<b>Vigtigste information<\/b><\/p>\n<ul>\n<li>Power Up Spot\u00ae designes individuelt og unikt til din virksomhed.<\/li>\n<li>Du kan brug Power Up Spot\u00ae til branding af din virksomhed og jeres produkter\/ydelser.<\/li>\n<li>Power Up Spot\u00ae kan oplade alle smartphones (af ethvert m\u00e6rke), tablets, musikafspillere, digitale kameraer osv.<\/li>\n<li>Vores powerbanks har to kabler med spiralhoved (lightning \/micro-USB\/type-C).<\/li>\n<li>Power Up Spot\u00ae kan oplade 2 enheder samtidig<\/li>\n<li>Power Up Spot\u00ae har en batterikapacitet p\u00e5 20.000 mAh, nok til \u2248 14 belastninger p\u00e5 50% eller 7-8 fulde opladninger af en gennemsnitlig smartphone p\u00e5 2500 mAh<\/li>\n<li>Power Up Spot\u00ae har 12 m\u00e5neders garanti p\u00e5 batteriet<\/li>\n<li>Vores powerbanks, genoplades med en USB-oplader (ideelt 2.1A)<\/li>\n<\/ul>\n<p>[\/vc_column_text][\/vc_column_inner][\/vc_row_inner][vc_row_inner][vc_column_inner width=&#8221;1\/3&#8243;][\/vc_column_inner][vc_column_inner width=&#8221;1\/3&#8243;][vc_btn title=&#8221;KONTAKT OS&#8221; style=&#8221;custom&#8221; custom_background=&#8221;#e43636&#8243; custom_text=&#8221;#ffffff&#8221; shape=&#8221;square&#8221; size=&#8221;lg&#8221; align=&#8221;center&#8221; link=&#8221;url:%23contact|||&#8221; button_block=&#8221;true&#8221; el_class=&#8221;mycalltoaction&#8221; css=&#8221;.vc_custom_1605706197803{background-position: 0 0 !important;background-repeat: no-repeat !important;}&#8221;][\/vc_column_inner][vc_column_inner width=&#8221;1\/3&#8243;][\/vc_column_inner][\/vc_row_inner][\/vc_column][\/vc_row][vc_row css=&#8221;.vc_custom_1570638383776{padding-top: 20px !important;padding-bottom: 50px !important;}&#8221; el_id=&#8221;hide-some-coutries&#8221;][vc_column el_class=&#8221;area-overview&#8221;][pbr_title_heading title=&#8221;3 trin og du vil modtage dine nye powerbanks&#8221; style=&#8221;heading-style1&#8243; subtitle=&#8221;Shop&#8221;][vc_row_inner][vc_column_inner width=&#8221;3\/12&#8243;][pbr_featuredbox title=&#8221;Send os dit logo&#8221; style=&#8221;default&#8221; title_align=&#8221;separator_align_center&#8221; icon=&#8221;fa fa-battery-quarter&#8221; information=&#8221;Du kan sende dit logo, billeder og \u00f8nskede tekst og detaljer til: info@powerupspot.dk&#8221;][\/vc_column_inner][vc_column_inner width=&#8221;1\/12&#8243;][pbr_featuredbox style=&#8221;default&#8221; title_align=&#8221;separator_align_center&#8221; icon=&#8221;fa fa-angle-right&#8221; information=&#8221;&#8221;][\/vc_column_inner][vc_column_inner width=&#8221;4\/12&#8243;][pbr_featuredbox title=&#8221;Forberedelse af dit design&#8221; style=&#8221;default&#8221; title_align=&#8221;separator_align_center&#8221; icon=&#8221;fa fa-battery-half&#8221; information=&#8221;Vi forbereder dit unikke design og en 3D-forh\u00e5ndsvisning&#8221;][\/vc_column_inner][vc_column_inner width=&#8221;1\/12&#8243;][pbr_featuredbox style=&#8221;default&#8221; title_align=&#8221;separator_align_center&#8221; icon=&#8221;fa fa-angle-right&#8221; information=&#8221;&#8221;][\/vc_column_inner][vc_column_inner width=&#8221;3\/12&#8243;][pbr_featuredbox title=&#8221;Produktion og forsendelse&#8221; style=&#8221;default&#8221; title_align=&#8221;separator_align_center&#8221; icon=&#8221;fa fa-battery-full&#8221; information=&#8221;Inden for f\u00e5 dage efter din ordrebekr\u00e6ftelse gennemf\u00f8rer vi produktionen og leverer til din d\u00f8r&#8221;][\/vc_column_inner][\/vc_row_inner][\/vc_column][\/vc_row][vc_row full_width=&#8221;stretch_row_content_no_spaces&#8221; isfullwidth=&#8221;0&#8243;][vc_column el_class=&#8221;area-features&#8221;][rev_slider_vc alias=&#8221;danish-elements-new&#8221; el_class=&#8221;hide-mobile&#8221;][\/vc_column][\/vc_row][vc_row css=&#8221;.vc_custom_1451895709869{padding-top: 30px !important;padding-bottom: 50px !important;}&#8221;][vc_column el_class=&#8221;area-models&#8221;][pbr_title_heading title=&#8221;Versions&#8221; descript=&#8221;Find det produkt som passer til din virksomhed&#8221; style=&#8221;heading-style1&#8243; subtitle=&#8221;Latest&#8221;][pbr_productcategory category=&#8221;home-en&#8221; number=&#8221;12&#8243; columns_count=&#8221;4&#8243;][\/vc_column][\/vc_row][vc_row isfullwidth=&#8221;0&#8243; css=&#8221;.vc_custom_1556898380477{margin-top: 0px !important;margin-bottom: 40px !important;}&#8221;][vc_column][pbr_title_heading title=&#8221;Bulletpoint&#8221; descript=&#8221;Power Up Spot\u00ae&#8221; style=&#8221;heading-style1&#8243; subtitle=&#8221;Latest&#8221;][pbr_designs design_title1=&#8221;2 enheder samtidig&#8221; design_description1=&#8221;Power Up Spot kan oplade op til 2 enheder samtidig,<br \/>\nlige s\u00e5 hurtigt som en 2,1A v\u00e6goplader.<br \/>\nNem og hurtig opladning af smartphones,<br \/>\ntablets og andre 5V enheder<br \/>\n&#8221; design_image1=&#8221;8283&#8243; design_top_image1=&#8221;8283&#8243; design_title2=&#8221;Power&#8221; design_description2=&#8221;Takket v\u00e6re en kapacitet p\u00e5 20.000 mAh kan<br \/>\nPower Up Spot oplade op til 8 smartphones,<br \/>\nf\u00f8r din powerbank skal oplade&#8221; design_image2=&#8221;8284&#8243; design_top_image2=&#8221;8284&#8243; design_title3=&#8221;Powerbank med spiralkabel&#8221; design_description3=&#8221;Spiralkablet g\u00f8r opladning lettere, da du kan tr\u00e6kke<br \/>\nkablet op til 60 cm langt, og dermed \u00f8ges<br \/>\nfleksibilitet for brugeren<br \/>\n&#8221; design_image3=&#8221;8287&#8243; design_top_image3=&#8221;8287&#8243; design_title4=&#8221;Kvalitet&#8221; design_description4=&#8221;Vi bruger altid materialer af den h\u00f8jeste kvalitet, p\u00e5 markedet. &#8221; design_image4=&#8221;8281&#8243; design_top_image4=&#8221;8281&#8243; design_title5=&#8221;Tilpasset til din virksomhed&#8221; design_description5=&#8221;Din Power Up Spot\u00ae designes individuelt og unikt til din virksomhed.&#8221; design_image5=&#8221;8282&#8243; design_top_image5=&#8221;8282&#8243; design_title6=&#8221;Et kabel, tre outputtyper&#8221; design_description6=&#8221;Alle vores powerbanks har 2 kabler med tre outputtyper, (lightning\/micro-USB\/type C) s\u00e5 har brugeren altid det output, som passer til deres enhed.&#8221; design_image6=&#8221;8286&#8243; design_top_image6=&#8221;8286&#8243; design_title7=&#8221;Tyverisikret&#8221; design_description7=&#8221;Tyverisikret l\u00e5s f\u00e5s som tilbeh\u00f8r.<br \/>\n&#8221; design_image7=&#8221;8285&#8243; design_top_image7=&#8221;8285&#8243; design_title8=&#8221;Oplader til dit Power Up Spot&#8221; design_description8=&#8221;F\u00e5s som tilbeh\u00f8r &#8211; Genoplad op til 5 Power Up Spot\u00ae<br \/>\np\u00e5 samme tid med vores 5xUSB multioplader.<\/p>\n<p>&#8221; design_image8=&#8221;8409&#8243; design_top_image8=&#8221;8409&#8243;][\/vc_column][\/vc_row][vc_row css=&#8221;.vc_custom_1604230032711{margin-top: 40px !important;padding-top: 60px !important;padding-bottom: 120px !important;background-image: url(https:\/\/s3.eu-central-1.amazonaws.com\/images.caferestopowerbank.com\/wp\/wp-content\/uploads\/2015\/01\/20163638\/power-up-spot-powerbank-gia-kafeteries-estiatoria-hotel-me-logo1.jpg?id=8290) !important;background-position: 0 0 !important;background-repeat: no-repeat !important;}&#8221; el_class=&#8221;area-advertise&#8221;][vc_column width=&#8221;5\/6&#8243; offset=&#8221;vc_col-lg-7 vc_col-md-8&#8243; css=&#8221;.vc_custom_1504107599031{margin-top: -70px !important;}&#8221; el_class=&#8221;area-advertise&#8221;][vc_column_text el_class=&#8221;my-mobile-effect&#8221;]<img decoding=\"async\" loading=\"lazy\" class=\"alignnone size-full wp-image-8291\" src=\"https:\/\/s3.eu-central-1.amazonaws.com\/images.caferestopowerbank.com\/wp\/wp-content\/uploads\/2015\/01\/20163641\/power-up-spot-powerbank-gia-kafeteries-estiatoria-hotel-me-logo-2.jpg\" alt=\"Power Up Spot\u00ae \u0395\u03c0\u03b9\u03c4\u03c1\u03b1\u03c0\u03ad\u03b6\u03b9\u03bf\u03c2 \u03a6\u03bf\u03c1\u03c4\u03b9\u03c3\u03c4\u03ae\u03c2 \u03b3\u03b9\u03b1 \u039a\u03b1\u03c6\u03b5\u03c4\u03ad\u03c1\u03b9\u03b5\u03c2, \u039c\u03c0\u03b1\u03c1, \u0395\u03c3\u03c4\u03b9\u03b1\u03c4\u03cc\u03c1\u03b9\u03b1, \u039e\u03b5\u03bd\u03bf\u03b4\u03bf\u03c7\u03b5\u03af\u03b1, \u03bc\u03b5 \u039b\u03bf\u03b3\u03cc\u03c4\u03c5\u03c0\u03bf\" width=\"1000\" height=\"734\" \/>[\/vc_column_text][pbr_title_heading title=&#8221;&#8221;][pbr_featuredbox title=&#8221;Synlighed&#8221; style=&#8221;v1&#8243; icon=&#8221;&#8221; photo=&#8221;8110&#8243; information=&#8221;Power Up Spot\u00ae fungerer som et innovativt markedsf\u00f8ringsv\u00e6rkt\u00f8j, der effektivt kan<br \/>\nbidrage til din virksomheds synlighed.<br \/>\nOm du \u00f8nsker at oplyse brugeren om et nyt produkt, fort\u00e6lle om din virksomhed eller f\u00e5 flere bes\u00f8gende til din hjemmeside, s\u00e5 kan Power Up Spot\u00ae klare opgaven.<br \/>\n&#8220;][vc_empty_space height=&#8221;20px&#8221;][pbr_featuredbox title=&#8221;Nyhedsv\u00e6rdi&#8221; style=&#8221;v1&#8243; icon=&#8221;&#8221; photo=&#8221;8110&#8243; information=&#8221;Ved f.eks. en produktlancering kan Power Up Spot\u00ae give et markant l\u00f8ft til salget. Power Up Spot synligg\u00f8re nyheden for brugeren, p\u00e5 en ny og innovative m\u00e5de. P\u00e5 denne m\u00e5de styrkes det spontane k\u00f8b, og din virksomhed sikre at brugeren har set nyheden.&#8221;][vc_empty_space height=&#8221;20px&#8221;][pbr_featuredbox title=&#8221;Brand&#8221; style=&#8221;v1&#8243; icon=&#8221;&#8221; photo=&#8221;8110&#8243; information=&#8221;Som et brand bliver din identitet opfattet og vurderet p\u00e5 et splitsekund. P\u00e5 det ene splitsekund bliver dit brand m\u00e5lt p\u00e5 trov\u00e6rdighed, WOW-effekt og evnen til at formidle dit budskab. Alle 3 ting kan Power Up Spot\u00ae hj\u00e6lpe med.&#8221;][vc_empty_space height=&#8221;20px&#8221;][pbr_featuredbox title=&#8221;Giveaway&#8221; style=&#8221;v1&#8243; icon=&#8221;&#8221; photo=&#8221;8110&#8243; information=&#8221;Fork\u00e6l dine kunder med en fed og personlig giveaway. Med vores unikke powerbanks, vil \u00e5rets firmagave\/giveaway med sikkerhed blive et hit, som skaber omtale og synlighed for din virksomhed. &#8220;][vc_empty_space height=&#8221;20px&#8221;][vc_column_text]<a class=\"btn btn-lg btn-default contact-effect\" href=\"https:\/\/powerupspot.com\/da#contact\">KONTAKT OS<\/a>[\/vc_column_text][\/vc_column][\/vc_row][vc_row parallax=&#8221;1&#8243; parallax_image=&#8221;7886&#8243; css=&#8221;.vc_custom_1550610708731{padding-top: 170px !important;padding-bottom: 170px !important;}&#8221;][vc_column][vc_column_text]<\/p>\n<h2 class=\"text-white text-big-3\">Opgrader din virksomheds synlighed<\/h2>\n<p class=\"text-white text-big-2 space-20\">Med unikke powerbanks<\/p>\n<p><a class=\"btn btn-lg btn-default \" href=\"https:\/\/www.youtube.com\/watch?v=JzEXKord7eE&amp;t\">Se produkt video <\/a>[\/vc_column_text][\/vc_column][\/vc_row][vc_row isfullwidth=&#8221;0&#8243; css=&#8221;.vc_custom_1550609081474{margin-top: 60px !important;}&#8221;][vc_column el_class=&#8221;area-gallery&#8221;][pbr_title_heading title=&#8221;Galleri&#8221; descript=&#8221;Vores unikke designs&#8221; style=&#8221;heading-style1&#8243; subtitle=&#8221;Latest&#8221;][vc_gallery type=&#8221;image_grid&#8221; images=&#8221;8069,8070,8062,8071,8064,7266,8068,7260,7262,7803,7270,8066,8067,7810,8061,8063,7285,7261,8065,7271,7290,7811,7264,7268&#8243; img_size=&#8221;full&#8221;][pbr_title_heading title=&#8221;Udtaler&#8221; descript=&#8221;Vores kunder<br \/>\n&#8221; style=&#8221;heading-style1&#8243; subtitle=&#8221;Latest&#8221;][pbr_testimonials columns=&#8221;3&#8243;][pbr_title_heading title=&#8221;Kunder&#8221; descript=&#8221;Nogle af vores &#8221; style=&#8221;heading-style1&#8243; subtitle=&#8221;Latest&#8221;][vc_images_carousel images=&#8221;7725,7723,7724,8209,7748,7741,7721,8211,8210,8218,8217,8213,8470,8472,8474,8471,8469,8214,8216,8215,8478,8476,8212,8467,8473,8475,7750,7744,8468,7756,7779,7751,8479,8477,7753,7764,7763,7769,7762,7773,7760,7759,7752,7747&#8243; img_size=&#8221;full&#8221; onclick=&#8221;link_no&#8221; speed=&#8221;2000&#8243; slides_per_view=&#8221;6&#8243; autoplay=&#8221;yes&#8221; hide_pagination_control=&#8221;yes&#8221; wrap=&#8221;yes&#8221; el_class=&#8221;pc-carousel&#8221;][vc_images_carousel images=&#8221;7725,7723,7724,7748,7741,8216,8210,8217,8209,7721,7752,7753,8218,8213,8215,8211,8214,8484,8487,8485,8482,8476,8486,8483,8478,8212,7747,8480,8477,8475,8479,8481,7750,7756,7762,7751,7769,7744,7773,7760,7764,7763,7779,7759&#8243; img_size=&#8221;full&#8221; onclick=&#8221;link_no&#8221; speed=&#8221;2000&#8243; slides_per_view=&#8221;2&#8243; autoplay=&#8221;yes&#8221; hide_pagination_control=&#8221;yes&#8221; wrap=&#8221;yes&#8221; el_class=&#8221;mobile-carousel&#8221;][\/vc_column][\/vc_row]<\/p>\n","protected":false},"excerpt":{"rendered":"<p>[vc_row isfullwidth=&#8221;0&#8243;][vc_column el_class=&#8221;area-home&#8221;][rev_slider_vc alias=&#8221;home-slide-dk&#8221;][\/vc_column][\/vc_row][vc_row css=&#8221;.vc_custom_1589386826466{padding-top: 0px !important;padding-bottom: 50px !important;}&#8221;][vc_column el_class=&#8221;area-overview&#8221;][pbr_title_heading title=&#8221;Power Up Spot\u00ae&#8221; descript=&#8221;\u039f\u039c&#8221; style=&#8221;heading-style1&#8243; subtitle=&#8221;Shop&#8221;][vc_row_inner][vc_column_inner width=&#8221;1\/3&#8243;][vc_column_text]Power Up Spot\u00ae Power Up Spot\u00ae producere, designer og levere powerbanks til virksomheder og brands i hele Europa. Vi har leveret vores unikke powerbanks til virksomheder og brands, siden \u00e5r 2016. Vores powerbanks er skr\u00e6ddersyet til vores kunder. Dit &hellip; <a href=\"https:\/\/powerupspot.com\/da\/\" class=\"more-link\">Continue reading <span class=\"screen-reader-text\">Power Up Spot\u00ae<\/span><span class=\"meta-nav\">&rarr;<\/span><\/a><\/p>\n","protected":false},"author":1,"featured_media":0,"parent":0,"menu_order":0,"comment_status":"closed","ping_status":"closed","template":"","meta":[],"_links":{"self":[{"href":"https:\/\/powerupspot.com\/da\/wp-json\/wp\/v2\/pages\/8592"}],"collection":[{"href":"https:\/\/powerupspot.com\/da\/wp-json\/wp\/v2\/pages"}],"about":[{"href":"https:\/\/powerupspot.com\/da\/wp-json\/wp\/v2\/types\/page"}],"author":[{"embeddable":true,"href":"https:\/\/powerupspot.com\/da\/wp-json\/wp\/v2\/users\/1"}],"replies":[{"embeddable":true,"href":"https:\/\/powerupspot.com\/da\/wp-json\/wp\/v2\/comments?post=8592"}],"version-history":[{"count":29,"href":"https:\/\/powerupspot.com\/da\/wp-json\/wp\/v2\/pages\/8592\/revisions"}],"predecessor-version":[{"id":8736,"href":"https:\/\/powerupspot.com\/da\/wp-json\/wp\/v2\/pages\/8592\/revisions\/8736"}],"wp:attachment":[{"href":"https:\/\/powerupspot.com\/da\/wp-json\/wp\/v2\/media?parent=8592"}],"curies":[{"name":"wp","href":"https:\/\/api.w.org\/{rel}","templated":true}]}}