{"id":8636,"date":"2020-10-16T00:23:11","date_gmt":"2020-10-15T21:23:11","guid":{"rendered":"https:\/\/powerupspot.com\/?post_type=product&#038;p=8636"},"modified":"2021-03-25T22:30:08","modified_gmt":"2021-03-25T20:30:08","slug":"dit-personlig-design","status":"publish","type":"product","link":"https:\/\/powerupspot.com\/da\/product\/dit-personlig-design\/","title":{"rendered":"Dit personlig design"},"content":{"rendered":"","protected":false},"excerpt":{"rendered":"<p>&nbsp;<\/p>\n<p>Power Up Spot\u00ae tilpasses med dit unikke design f.eks. Med dit logo, billeder og QR koder.<\/p>\n<p>Du kan sende os dine illustrationer i st\u00f8rrelsen 11 \u00d7 21,5 cm (+ 3 mm bl\u00f8dning), PDF 300 dpi eller sende os dit logo og billeder, s\u00e5 forbereder vi designet til din godkendelse.<\/p>\n<p>Dit permanente design printes p\u00e5 indersiden af \u200b\u200bplexiglasset, hvilket giver et imponerende slutresultat.<\/p>\n<p>Vores powerbanks f\u00e5s ogs\u00e5 i en Flyer version, hvor designet er en flyer som nemt kan udskiftes. Vi laver selvf\u00f8lgelig gerne dine designs til flyers ogs\u00e5.<\/p>\n","protected":false},"featured_media":7997,"comment_status":"closed","ping_status":"closed","template":"","meta":[],"product_cat":[194],"product_tag":[],"_links":{"self":[{"href":"https:\/\/powerupspot.com\/da\/wp-json\/wp\/v2\/product\/8636"}],"collection":[{"href":"https:\/\/powerupspot.com\/da\/wp-json\/wp\/v2\/product"}],"about":[{"href":"https:\/\/powerupspot.com\/da\/wp-json\/wp\/v2\/types\/product"}],"replies":[{"embeddable":true,"href":"https:\/\/powerupspot.com\/da\/wp-json\/wp\/v2\/comments?post=8636"}],"wp:featuredmedia":[{"embeddable":true,"href":"https:\/\/powerupspot.com\/da\/wp-json\/wp\/v2\/media\/7997"}],"wp:attachment":[{"href":"https:\/\/powerupspot.com\/da\/wp-json\/wp\/v2\/media?parent=8636"}],"wp:term":[{"taxonomy":"product_cat","embeddable":true,"href":"https:\/\/powerupspot.com\/da\/wp-json\/wp\/v2\/product_cat?post=8636"},{"taxonomy":"product_tag","embeddable":true,"href":"https:\/\/powerupspot.com\/da\/wp-json\/wp\/v2\/product_tag?post=8636"}],"curies":[{"name":"wp","href":"https:\/\/api.w.org\/{rel}","templated":true}]}}