{"id":8641,"date":"2020-11-17T12:19:50","date_gmt":"2020-11-17T10:19:50","guid":{"rendered":"https:\/\/powerupspot.com\/?post_type=product&#038;p=8641"},"modified":"2021-03-25T22:25:32","modified_gmt":"2021-03-25T20:25:32","slug":"crystal-clear-flyer-20-000mah-powerbank","status":"publish","type":"product","link":"https:\/\/powerupspot.com\/da\/product\/crystal-clear-flyer-20-000mah-powerbank\/","title":{"rendered":"CRYSTAL CLEAR &#8211; FLYER 20.000mAh"},"content":{"rendered":"<div class=\"item-description row \">\n<div class=\"col-md-4\">\n<h3 class=\"title-heading\">Produkt information<\/h3>\n<\/div>\n<div class=\"col-md-8\">\n<p>Produktet leveres klar til brug, som vist p\u00e5 billederne.\u00a0Produktet er konstrueret af plexiglas af h\u00f8j kvalitet og passerer mange stadier af forarbejdning og efterbehandling, for at opn\u00e5 det perfekte look.<\/p>\n<p>Produktet har to spiralkabler med tredobbelt hoved, der kan oplade enhver b\u00e6rbar enhed, uanset m\u00e6rke eller software.<\/p>\n<\/div>\n<\/div>\n<div class=\"item-description row\">\n<div class=\"col-md-4\">\n<h3 class=\"title-heading\">Teknisk specifikation<\/h3>\n<\/div>\n<div class=\"col-md-8\">\n<table class=\"table table-bordered\">\n<tbody>\n<tr class=\"\">\n<th>Certificeringer:<\/th>\n<td>CE, FCC &amp; RoHS<\/td>\n<\/tr>\n<tr class=\"\">\n<th>Velegnet til opladning:<\/th>\n<td>Smartphones og tablets (uanset m\u00e6rke eller software) \/ Digitale kameraer med kompatibel indgangstype \/ MP3 \/ MP4 \/ spilkonsoller som PSP \/ Elektronisk cigaret \/ Forskellige andre enheder med DC 5V<\/td>\n<\/tr>\n<tr class=\"\">\n<th>Kabler \/ udgangstyper:<\/th>\n<td>To tredobbelte kabler p\u00e5 enheden (micro usb \/ belysning 8pin \/ type-C)<\/td>\n<\/tr>\n<tr class=\"\">\n<th>Batterikapacitet:<\/th>\n<td>20.000 mAh (kan levere 7 fulde opladninger af en gennemsnitlig smartphone 2500 mAh eller ca. 14 opladninger p\u00e5 50%)<\/td>\n<\/tr>\n<tr class=\"\">\n<th>Batteri type:<\/th>\n<td>Li-Polymer<\/td>\n<\/tr>\n<tr class=\"\">\n<th>Dimensioner:<\/th>\n<td>L\u00e6ngde 13,5 cm x 9 cm (bund) \/ h\u00f8jde: 22,5 cm (udskrivningsareal 10,8 \u00d7 21,5 cm)<\/td>\n<\/tr>\n<tr class=\"\">\n<th>V\u00e6gt:<\/th>\n<td>850gr.<\/td>\n<\/tr>\n<tr class=\"\">\n<th>Selvopladningstid:<\/th>\n<td>20.000mAh: \u224810,5 timer (ved hj\u00e6lp af USB-v\u00e6goplader 2,1\u0391) \/ Oplad ikke p\u00e5 b\u00e6rbar USB-port \/ Lad ikke batteriet blive 100% tomt &#8211; genoplad, n\u00e5r det sidste LED-lys blinker<\/td>\n<\/tr>\n<tr class=\"\">\n<th>Batteriets levetid:<\/th>\n<td>Mere end 600 opladningscyklusser (-2-3 \u00e5rs normal brug)<\/td>\n<\/tr>\n<tr class=\"\">\n<th>Genopladning:<\/th>\n<td>Med USB-v\u00e6goplader (s\u00e6lges separat) med 2,1A .\u00a0En smartphone- eller tabletoplader kan bruges, s\u00e5 l\u00e6nge output er 2,1A.\u00a0Hvis 1A-oplader bruges, kan opladningen blive meget langsom.<\/td>\n<\/tr>\n<tr class=\"\">\n<th>Indikator for batteriniveau:<\/th>\n<td>LED-indikator p\u00e5 4 niveauer<\/td>\n<\/tr>\n<tr class=\"\">\n<th>Indgang:<\/th>\n<td>DC 5V \/ 2,1A Maks<\/td>\n<\/tr>\n<tr class=\"\">\n<th>Produktion:<\/th>\n<td>DC 5V \/ 2,1A Maks &amp; DC 5V \/ 1A Maks<\/td>\n<\/tr>\n<tr class=\"\">\n<th>Samlet output af batteri:<\/th>\n<td>DC 5V \/ 2,1\u0391<\/td>\n<\/tr>\n<tr class=\"\">\n<th>Garanti:<\/th>\n<td>12 m\u00e5neder p\u00e5 batteri<\/td>\n<\/tr>\n<\/tbody>\n<\/table>\n<\/div>\n<\/div>\n<div class=\"item-description row\">\n<div class=\"col-md-4\">\n<h3 class=\"title-heading\">Accessories<\/h3>\n<\/div>\n<div class=\"col-md-8\">\n<p>Batteriet\u00a0 genoplades ved hj\u00e6lp af en USB-v\u00e6goplader (s\u00e6lges separat).\u00a0Der tilbydes to slags opladere: 2xUSB (2,4A i alt) og 5xUSB (8A i alt), s\u00e5 du kan oplade henholdsvis op til 2 eller op til 5 Power Up Spot\u00ae p\u00e5 samme tid.<\/p>\n<p>&nbsp;<\/p>\n<\/div>\n<p><img decoding=\"async\" loading=\"lazy\" class=\"alignright wp-image-8629 size-full\" src=\"https:\/\/s3.eu-central-1.amazonaws.com\/images.caferestopowerbank.com\/wp\/wp-content\/uploads\/2020\/11\/16150603\/usb-charger-power-up-spot-danmark.jpg\" alt=\"\" width=\"1000\" height=\"471\" \/><\/p>\n<\/div>\n<div class=\"item-description row\">\n<div class=\"col-md-4\">\n<h3 class=\"title-heading\">Design<\/h3>\n<\/div>\n<div class=\"col-md-8\">\n<p>Power Up Spot\u00ae er lavet til at passe til din virksomhed eller brand.\u00a0Vi laver et unikt\u00a0 design efter dine \u00f8nsker.\u00a0Crystal Clear &#8211; Flyer udgaven kan tilpasses dit design p\u00e5 begge sider \u2013 en side er permanent, den anden side kan nemt \u00e6ndres (flyer).\u00a0Se eksempler nedenfor.<\/p>\n<p>&nbsp;<\/p>\n<p><img decoding=\"async\" loading=\"lazy\" class=\"alignright wp-image-8187 size-full\" src=\"https:\/\/s3.eu-central-1.amazonaws.com\/images.caferestopowerbank.com\/wp\/wp-content\/uploads\/2017\/11\/22225813\/power-up-spot-customization.jpg\" alt=\"Power Up Spot\u00ae Table Top Charger with Customization for Cafe, Bars, Restaurants, Hotels etc\" width=\"1000\" height=\"471\" \/><\/p>\n<\/div>\n<\/div>\n<div class=\"item-description row\">\n<div class=\"col-md-4\">\n<h3 class=\"title-heading\">Tyverisikring<\/h3>\n<\/div>\n<div class=\"col-md-8\">\n<p>40 cm kabel med l\u00e5s, der kan placeres p\u00e5 bordet.\u00a0L\u00e5s og l\u00e5s op med en n\u00f8gle.\u00a0S\u00e6lges separat.<\/p>\n<p>&nbsp;<\/p>\n<p><img decoding=\"async\" loading=\"lazy\" class=\"alignnone size-full wp-image-8354\" src=\"http:\/\/s3.eu-central-1.amazonaws.com\/images.caferestopowerbank.com\/wp\/wp-content\/uploads\/2018\/10\/23181329\/anti-theft-locker-power-up-spot-tabletop-charging-solution-bar-restaurants.jpg\" alt=\"\" width=\"1000\" height=\"471\" \/><\/p>\n<\/div>\n<\/div>\n","protected":false},"excerpt":{"rendered":"<p>Er en professionel opladningsenhed, (20.000 mAh.)<\/p>\n<p>Ideel til spillesteder, caf\u00e9er, barer, restauranter, hoteller, sk\u00f8nhedssaloner og enhver andet sted, hvor folk opholder sig.<\/p>\n<p>Produktet placeres nemt hvor du har brug for det, uden installationsproces og str\u00f8mforsyning.<\/p>\n<p>Crystal Clear &#8211; Flyer kan oplade 5V-enheder som smartphones (af ethvert m\u00e6rke), tablets, musikafspillere, digitale kameraer osv.<\/p>\n<p>Crystal Clear-Fkyer tilpasses med dit unikke design, du \u00f8nsker p\u00e5 enhedens to sider.\u00a0Designet p\u00e5 den ene side er permanent og den anden side er en \u201dflyer\u201d, som nemt kan udskiftes efter s\u00e6son, produkt lancering eller andet.<\/p>\n","protected":false},"featured_media":8351,"comment_status":"open","ping_status":"closed","template":"","meta":[],"product_cat":[194],"product_tag":[],"_links":{"self":[{"href":"https:\/\/powerupspot.com\/da\/wp-json\/wp\/v2\/product\/8641"}],"collection":[{"href":"https:\/\/powerupspot.com\/da\/wp-json\/wp\/v2\/product"}],"about":[{"href":"https:\/\/powerupspot.com\/da\/wp-json\/wp\/v2\/types\/product"}],"replies":[{"embeddable":true,"href":"https:\/\/powerupspot.com\/da\/wp-json\/wp\/v2\/comments?post=8641"}],"wp:featuredmedia":[{"embeddable":true,"href":"https:\/\/powerupspot.com\/da\/wp-json\/wp\/v2\/media\/8351"}],"wp:attachment":[{"href":"https:\/\/powerupspot.com\/da\/wp-json\/wp\/v2\/media?parent=8641"}],"wp:term":[{"taxonomy":"product_cat","embeddable":true,"href":"https:\/\/powerupspot.com\/da\/wp-json\/wp\/v2\/product_cat?post=8641"},{"taxonomy":"product_tag","embeddable":true,"href":"https:\/\/powerupspot.com\/da\/wp-json\/wp\/v2\/product_tag?post=8641"}],"curies":[{"name":"wp","href":"https:\/\/api.w.org\/{rel}","templated":true}]}}