{"id":8038,"date":"2018-10-21T20:54:57","date_gmt":"2018-10-21T17:54:57","guid":{"rendered":"http:\/\/powerupspot.com\/?page_id=8038"},"modified":"2020-11-02T18:20:47","modified_gmt":"2020-11-02T16:20:47","slug":"power-up-spot","status":"publish","type":"page","link":"https:\/\/powerupspot.com\/de\/","title":{"rendered":"Power Up Spot\u00ae"},"content":{"rendered":"<p>[vc_row isfullwidth=&#8220;0&#8243;][vc_column el_class=&#8220;area-home&#8220;][rev_slider_vc alias=&#8220;home-slide-german&#8220;][\/vc_column][\/vc_row][vc_row css=&#8220;.vc_custom_1451496643697{padding-top: 20px !important;padding-bottom: 50px !important;}&#8220;][vc_column el_class=&#8220;area-overview&#8220;][pbr_title_heading title=&#8220;\u00dcberblick&#8220; descript=&#8220;Grundlegende Informationen&#8220; style=&#8220;heading-style1&#8243; subtitle=&#8220;Shop&#8220;][vc_row_inner][vc_column_inner width=&#8220;1\/3&#8243;][vc_column_text]<\/p>\n<h4>Power Up Spot\u00ae<\/h4>\n<p>Das erste unabh\u00e4ngige Ladeger\u00e4t f\u00fcr Caf\u00e9s, Bars, Restaurants, Hotels, Sch\u00f6nheitssalons und andere Gesch\u00e4fte!<\/p>\n<p>Ideal f\u00fcr jeden Ort, an dem Kunden Zeit verbringen oder Dienstleistungen erwarten.<\/p>\n<p>Erstellt und hergestellt in Europa, mit hohen Qualit\u00e4tsstandards und kontinuierlicher Entwicklung.<\/p>\n<p>Es ist die am weitesten verbreitete L\u00f6sung zum Aufladen von tragbaren Ger\u00e4ten wie Smartphones und Tablets ohne Steckdose in jedem Raum. Vollst\u00e4ndig personalisiert mit Firmen- oder Sponsorenmarken.<\/p>\n<p>Patentiertes Produkt | Hergestellt in Griechenland[\/vc_column_text][\/vc_column_inner][vc_column_inner width=&#8220;1\/3&#8243;][vc_single_image image=&#8220;8269&#8243; img_size=&#8220;full&#8220;][\/vc_column_inner][vc_column_inner width=&#8220;1\/3&#8243;][vc_column_text]<\/p>\n<h4>Hauptmerkmale<\/h4>\n<ul class=\"list-unstyled list-circle\">\n<li>Geeignet f\u00fcr Desktop-Installation, ohne Installationsprozess und ohne Steckdose<\/li>\n<li>Laden Sie schnell 5V-Ger\u00e4te wie Smartphones, Tablets, elektronische Zigaretten, Digitalkameras usw auf.<\/li>\n<li>20.000mAh Akku-Kapazit\u00e4t, bis zu 14-15 Geb\u00fchren von 50% oder 7-8 volle Smartphone-Geb\u00fchren (je nach Ladeger\u00e4t)<\/li>\n<li>Zwei Dreifachkabel (Lightning \/ Micro-USB \/ Type-C) zum gleichzeitigen Laden von zwei Ger\u00e4ten<\/li>\n<li>Wenn die Batterien leer sind, k\u00f6nnen sie einfach mit einem Standardladekopf geladen werden (idealerweise 2,1 A)<\/li>\n<\/ul>\n<p>[\/vc_column_text][\/vc_column_inner][\/vc_row_inner][\/vc_column][\/vc_row][vc_row full_width=&#8220;stretch_row_content_no_spaces&#8220; isfullwidth=&#8220;0&#8243;][vc_column el_class=&#8220;area-features&#8220;][rev_slider_vc alias=&#8220;elements-germ&#8220; el_class=&#8220;hide-mobile&#8220;][\/vc_column][\/vc_row][vc_row css=&#8220;.vc_custom_1451895709869{padding-top: 30px !important;padding-bottom: 50px !important;}&#8220;][vc_column el_class=&#8220;area-models&#8220;][pbr_title_heading title=&#8220;Versionen&#8220; descript=&#8220;Finde was zu dir passt&#8220; style=&#8220;heading-style1&#8243; subtitle=&#8220;Latest&#8220;][pbr_productcategory category=&#8220;home&#8220; number=&#8220;12&#8243; columns_count=&#8220;4&#8243;][\/vc_column][\/vc_row][vc_row isfullwidth=&#8220;0&#8243;][vc_column][pbr_title_heading title=&#8220;Design&#8220; descript=&#8220;Intelligent und funktional&#8220; style=&#8220;heading-style1&#8243; subtitle=&#8220;Latest&#8220;][pbr_designs design_title1=&#8220;Gleichzeitiges Laden von zwei Ger\u00e4ten&#8220; design_description1=&#8220;Es k\u00f6nnen gleichzeitig zwei Ger\u00e4te auf<br \/>\nSteckdosenladegeschwindigkeit geladen<br \/>\nwerden. Smartphones, Tablets , elektronische<br \/>\nZigaretten und andere Ger\u00e4te 5V<br \/>\nladen schnell und einfach auf.&#8220; design_image1=&#8220;8283&#8243; design_top_image1=&#8220;8283&#8243; design_title2=&#8220;Energie auch f\u00fcr tablets&#8220; design_description2=&#8220;Dank des Anschlusses 2,1A und der<br \/>\nKapazit\u00e4t 20.000mAh ist es auch f\u00fcr das<br \/>\nLaden eines Tablets geeignet.&#8220; design_image2=&#8220;8284&#8243; design_top_image2=&#8220;8284&#8243; design_title3=&#8220;Das einzige mit Spiraldr\u00e4hten&#8220; design_description3=&#8220;Spiraldr\u00e4hte machen es einfach, in einem<br \/>\nAbstand von 60 cm verwenden zu werden,<br \/>\nw\u00e4hrend sie wenig Platz einnehmen und<br \/>\ndas Ger\u00e4t elegant bleibt.&#8220; design_image3=&#8220;8287&#8243; design_top_image3=&#8220;8287&#8243; design_title4=&#8220;Einwandfreie Verarbeitung&#8220; design_description4=&#8220;Aufmerksamkeitsstarke Konstruktion<br \/>\nf\u00fcr ein hervorragendes \u00e4sthetisches Ergebnis,<br \/>\ndas zur \u00c4sthetik Ihres Raumes beitr\u00e4gt.&#8220; design_image4=&#8220;8281&#8243; design_top_image4=&#8220;8281&#8243; design_title5=&#8220;Es ist f\u00fcr Sie ma\u00dfgeschneidert&#8220; design_description5=&#8220;M\u00f6glichkeit der vollst\u00e4ndigen Vinyl-Teilbedeckung<br \/>\nvon au\u00dfen oder mit vollfl\u00e4chigem Logo innen.&#8220; design_image5=&#8220;8282&#8243; design_top_image5=&#8220;8282&#8243; design_title6=&#8220;Ein Kabel, drei K\u00f6pfe&#8220; design_description6=&#8220;Jedes Spiralkabel hat einen Dreifachkopf,<br \/>\nso dass der Benutzer den ausw\u00e4hlen kann,<br \/>\nder in sein Ger\u00e4t passt.&#8220; design_image6=&#8220;8286&#8243; design_top_image6=&#8220;8286&#8243; design_title7=&#8220;Mit Diebstahlabsicherung&#8220; design_description7=&#8220;Als Zubeh\u00f6r erh\u00e4ltlich, Diebstahlsicherung<br \/>\nmit kunststoffummanteltem Kabel,<br \/>\nVorh\u00e4ngeschloss mit Schloss und<br \/>\n3M Bandverschlusskappe.&#8220; design_image7=&#8220;8285&#8243; design_top_image7=&#8220;8285&#8243; design_title8=&#8220;Massenspeicher mit 5XUSB Adapter&#8220; design_description8=&#8220;Als Zubeh\u00f6r erh\u00e4ltlich, PowerBanks-Ladeadapter<br \/>\nmit 5xUSB und 7A Strom.&#8220; design_image8=&#8220;8409&#8243; design_top_image8=&#8220;7866&#8243;][\/vc_column][\/vc_row][vc_row css=&#8220;.vc_custom_1569860481061{margin-top: 40px !important;padding-top: 60px !important;padding-bottom: 120px !important;background-image: url(http:\/\/s3.eu-central-1.amazonaws.com\/images.caferestopowerbank.com\/wp\/wp-content\/uploads\/2017\/09\/20154945\/power-up-spot-table-top-advertising-charger-bar-cafe-restaurants-1.jpg?id=8277) !important;background-position: 0 0 !important;background-repeat: no-repeat !important;}&#8220; el_class=&#8220;area-advertise&#8220;][vc_column width=&#8220;5\/6&#8243; offset=&#8220;vc_col-lg-7 vc_col-md-8&#8243; css=&#8220;.vc_custom_1504107599031{margin-top: -70px !important;}&#8220; el_class=&#8220;area-advertise&#8220;][vc_column_text el_class=&#8220;my-mobile-effect&#8220;]<img decoding=\"async\" loading=\"lazy\" class=\"alignnone size-full wp-image-8278\" src=\"http:\/\/s3.eu-central-1.amazonaws.com\/images.caferestopowerbank.com\/wp\/wp-content\/uploads\/2017\/09\/20155242\/power-up-spot-table-top-advertising-charger-bar-cafe-restaurants-2.jpg\" alt=\"\" width=\"1000\" height=\"734\" \/>[\/vc_column_text][pbr_title_heading title=&#8220;Werben&#8220; descript=&#8220;neue generation von werbematerial&#8220;][pbr_featuredbox title=&#8220;Effektive Werbung&#8220; style=&#8220;v1&#8243; photo=&#8220;8110&#8243; information=&#8220;Power Up Spot\u00ae arbeitet effizient als Werbungsmittel, da es genau am Ort des Verbrauchs positioniert ist. Kommuniziert, informiert, erinnert und hilft bei der Kaufentscheidung. Gleichzeitig wird das Publikum direkt Ihrer Botschaft ausgesetzt, selbst wenn es sich um ein Produkt \/ eine Dienstleistung handelt, das bzw. nicht im Raum konsumiert wird.&#8220;][vc_empty_space height=&#8220;20px&#8220;][pbr_featuredbox title=&#8220;Einf\u00fchrung neuer Produkte&#8220; style=&#8220;v1&#8243; photo=&#8220;8110&#8243; information=&#8220;Bei der Markteinf\u00fchrung neuer Produkte kann der Power Up Spot\u00ae den Umsatz deutlich steigern. Die Werbung f\u00fcr das Produkt auf den verf\u00fcgbaren Fl\u00e4chen st\u00e4rkt spontane M\u00e4rkte und kommuniziert direkt mit der \u00d6ffentlichkeit, die bereit ist, neue Produkte auszuprobieren.&#8220;][vc_empty_space height=&#8220;20px&#8220;][pbr_featuredbox title=&#8220;Einf\u00fchrung neuer Produkte&#8220; style=&#8220;v1&#8243; photo=&#8220;8110&#8243; information=&#8220;Bei der Markteinf\u00fchrung neuer Produkte kann Power Up Spot\u00ae den Umsatz deutlich steigern. Indem es das Produkt in den Verkaufsstellen projiziert, kann es zu spontanen Eink\u00e4ufen f\u00fchren und es werden direkt Kunden angesprochen die bereit sind neue Produkte auszuprobieren.&#8220;][vc_empty_space height=&#8220;20px&#8220;][pbr_featuredbox title=&#8220;Markeninnovation&#8220; style=&#8220;v1&#8243; photo=&#8220;8110&#8243; information=&#8220;Verbinden Sie Ihre Marke mit einem innovativen Produkt. Wenn eines der Elemente, das Ihre Markenidentit\u00e4t bestimmt, Innovation ist, dann wird dieses Image dadurch verbessert, dass Sie Ihrem Publikum einen kostenlosen Ladungsdienst wenn dieser ben\u00f6tigt wird auf eine einzigartige Weise zur Verf\u00fcgung stellen.&#8220;][vc_empty_space height=&#8220;20px&#8220;][vc_column_text]<a class=\"btn btn-lg btn-default contact-effect\" href=\"http:\/\/caferestopowerbank.com\/#contact\">Kontaktieren Sie uns<\/a>[\/vc_column_text][\/vc_column][\/vc_row][vc_row parallax=&#8220;1&#8243; parallax_image=&#8220;7886&#8243; css=&#8220;.vc_custom_1524767498814{padding-top: 170px !important;padding-bottom: 170px !important;}&#8220;][vc_column][vc_column_text]<\/p>\n<h2 class=\"text-white text-big-3\">Aktualisieren Sie Ihr Gesch\u00e4ft<\/h2>\n<p class=\"text-white text-big-2 space-20\">Mit innovativer Ausr\u00fcstung<\/p>\n<p><a class=\"btn btn-lg btn-default\" href=\"https:\/\/www.youtube.com\/watch?v=JzEXKord7eE&amp;t\" target=\"_blank\" rel=\"noopener\">SEHEN SIE DEN PROMO-SPOT<\/a>[\/vc_column_text][\/vc_column][\/vc_row][vc_row isfullwidth=&#8220;0&#8243;][vc_column el_class=&#8220;area-gallery&#8220;][pbr_title_heading title=&#8220;Gallerie&#8220; descript=&#8220;indikative Projekte&#8220; style=&#8220;heading-style1&#8243; subtitle=&#8220;Latest&#8220;][vc_gallery type=&#8220;image_grid&#8220; images=&#8220;8070,8064,8453,8452,8063,8068,8069,8071,7810,7509,7511,7792,7266,7290,7268,8062,7270,7271,7264,7285,7262,7284,7275,7803,8065,8066,8061&#8243; img_size=&#8220;full&#8220;][pbr_title_heading title=&#8220;Referenzen&#8220; descript=&#8220;Sie sagten \u00fcber das Produkt&#8220; style=&#8220;heading-style1&#8243; subtitle=&#8220;Latest&#8220;][pbr_testimonials columns=&#8220;3&#8243;][pbr_title_heading title=&#8220;Vertraut von&#8220; descript=&#8220;einige unserer Kunden&#8220; style=&#8220;heading-style1&#8243; subtitle=&#8220;Latest&#8220;][vc_images_carousel images=&#8220;7725,7723,7724,7748,7721,7747,7734,7751,7752,7755,7773,7779,7756,7769,7764,7763,7762,7761,7760,7780,7759&#8243; img_size=&#8220;full&#8220; onclick=&#8220;link_no&#8220; speed=&#8220;2000&#8243; slides_per_view=&#8220;6&#8243; autoplay=&#8220;yes&#8220; hide_pagination_control=&#8220;yes&#8220; wrap=&#8220;yes&#8220; el_class=&#8220;pc-carousel&#8220;][vc_images_carousel images=&#8220;7725,7723,7724,7748,7721,7747,7734,7751,7752,7755,7779,7780,7756,7764,7763,7762,7761,7773,7760,7769,7759&#8243; img_size=&#8220;full&#8220; onclick=&#8220;link_no&#8220; speed=&#8220;2000&#8243; slides_per_view=&#8220;2&#8243; autoplay=&#8220;yes&#8220; hide_pagination_control=&#8220;yes&#8220; wrap=&#8220;yes&#8220; el_class=&#8220;mobile-carousel&#8220;][\/vc_column][\/vc_row]<\/p>\n","protected":false},"excerpt":{"rendered":"<p>[vc_row isfullwidth=&#8220;0&#8243;][vc_column el_class=&#8220;area-home&#8220;][rev_slider_vc alias=&#8220;home-slide-german&#8220;][\/vc_column][\/vc_row][vc_row css=&#8220;.vc_custom_1451496643697{padding-top: 20px !important;padding-bottom: 50px !important;}&#8220;][vc_column el_class=&#8220;area-overview&#8220;][pbr_title_heading title=&#8220;\u00dcberblick&#8220; descript=&#8220;Grundlegende Informationen&#8220; style=&#8220;heading-style1&#8243; subtitle=&#8220;Shop&#8220;][vc_row_inner][vc_column_inner width=&#8220;1\/3&#8243;][vc_column_text] Power Up Spot\u00ae Das erste unabh\u00e4ngige Ladeger\u00e4t f\u00fcr Caf\u00e9s, Bars, Restaurants, Hotels, Sch\u00f6nheitssalons und andere Gesch\u00e4fte! Ideal f\u00fcr jeden Ort, an dem Kunden Zeit verbringen oder Dienstleistungen erwarten. Erstellt und hergestellt in Europa, mit hohen Qualit\u00e4tsstandards und kontinuierlicher Entwicklung. &hellip; <a href=\"https:\/\/powerupspot.com\/de\/\" class=\"more-link\">Continue reading <span class=\"screen-reader-text\">Power Up Spot\u00ae<\/span><span class=\"meta-nav\">&rarr;<\/span><\/a><\/p>\n","protected":false},"author":1,"featured_media":0,"parent":0,"menu_order":0,"comment_status":"closed","ping_status":"closed","template":"","meta":[],"_links":{"self":[{"href":"https:\/\/powerupspot.com\/de\/wp-json\/wp\/v2\/pages\/8038"}],"collection":[{"href":"https:\/\/powerupspot.com\/de\/wp-json\/wp\/v2\/pages"}],"about":[{"href":"https:\/\/powerupspot.com\/de\/wp-json\/wp\/v2\/types\/page"}],"author":[{"embeddable":true,"href":"https:\/\/powerupspot.com\/de\/wp-json\/wp\/v2\/users\/1"}],"replies":[{"embeddable":true,"href":"https:\/\/powerupspot.com\/de\/wp-json\/wp\/v2\/comments?post=8038"}],"version-history":[{"count":18,"href":"https:\/\/powerupspot.com\/de\/wp-json\/wp\/v2\/pages\/8038\/revisions"}],"predecessor-version":[{"id":8560,"href":"https:\/\/powerupspot.com\/de\/wp-json\/wp\/v2\/pages\/8038\/revisions\/8560"}],"wp:attachment":[{"href":"https:\/\/powerupspot.com\/de\/wp-json\/wp\/v2\/media?parent=8038"}],"curies":[{"name":"wp","href":"https:\/\/api.w.org\/{rel}","templated":true}]}}