{"id":8432,"date":"2016-01-01T11:08:18","date_gmt":"2016-01-01T09:08:18","guid":{"rendered":"http:\/\/powerupspot.com\/product\/natural-wood-20000mah\/"},"modified":"2019-09-30T20:10:30","modified_gmt":"2019-09-30T17:10:30","slug":"natural-wood-20000mah","status":"publish","type":"product","link":"https:\/\/powerupspot.com\/de\/product\/natural-wood-20000mah\/","title":{"rendered":"NATURAL WOOD 20.000mAh"},"content":{"rendered":"<div class=\"item-description row \">\n<div class=\"col-md-4\">\n<div class=\"item-description row \">\n<div class=\"col-md-4\">\n<h3>Produktinformation<\/h3>\n<p>Das Produkt wird gebrauchsfertig geliefert, wie auf den Bildern dargestellt. Es besteht aus hochwertigem Plexiglas &amp; Natural Wood und durchl\u00e4uft viele Verarbeitungs- und Endbearbeitungsschritte, um ein hervorragendes Erscheinungsbild zu erzielen. Eine ROMOSS Power Bank mit hoher Kapazit\u00e4t von 20.000 mAh wird zum Speichern und Versorgen von Energie verwendet.<\/p>\n<p>Zus\u00e4tzlich werden zwei Spiralkabel mit dreifachem Kopf mitgeliefert, mit denen jedes tragbare Ger\u00e4t, unabh\u00e4ngig von der Marke oder der Software (Micro-USB, Beleuchtung, USB Typ C), aufgeladen werden kann.<\/p>\n<\/div>\n<\/div>\n<div class=\"item-description row\">\n<div class=\"col-md-4\">\n<h3 class=\"title-heading\">Technical Specification<\/h3>\n<\/div>\n<div class=\"col-md-8\">\n<table class=\"table table-bordered\">\n<tbody>\n<tr class=\"\">\n<th>Certifications:<\/th>\n<td>CE, FCC &amp; RoHS<\/td>\n<\/tr>\n<tr class=\"\">\n<th>Suitable for charging:<\/th>\n<td>Smartphones &amp; Tablets (no matter the brand or software) \/ Digital Cameras with compatible input type \/ MP3 \/ MP4 \/ game consoles like PSP \/ Electronic Cigarette \/ Various other devices of DC 5V<\/td>\n<\/tr>\n<tr class=\"\">\n<th>Cables \/ Output types:<\/th>\n<td>Two triple cables on the device (micro usb \/ lighting 8pin \/ type-C)<\/td>\n<\/tr>\n<tr class=\"\">\n<th>Battery Capacity:<\/th>\n<td>20.000mAh (can provide 7 full charges of an average smartphone 2500mAh or about 14 charges of 50%)<\/td>\n<\/tr>\n<tr class=\"\">\n<th>Battery type:<\/th>\n<td>Li-Polymer<\/td>\n<\/tr>\n<tr class=\"\">\n<th>Dimensions:<\/th>\n<td>Length 13,5cm x 9cm (base) \/ Height: 23,5cm (printing area 10,8&#215;21,5cm)<\/td>\n<\/tr>\n<tr class=\"\">\n<th>Weight:<\/th>\n<td>850gr.<\/td>\n<\/tr>\n<tr class=\"\">\n<th>Self charging time:<\/th>\n<td>20.000mAh: \u224812 hours (by using USB wall charger 2,1\u0391) \/ Don&#8217;t charge on laptop USB port \/ Don&#8217;t let the battery get 100% empty &#8211; recharge when last LED light is blinking<\/td>\n<\/tr>\n<tr class=\"\">\n<th>Battery life cycle:<\/th>\n<td>More than 500 charge cycles (\u22482-3 years of normal use)<\/td>\n<\/tr>\n<tr class=\"\">\n<th>Recharging:<\/th>\n<td>By USB wall charger (sold seperately) with 2,1A outupt. A smartphone or tablet charger can be used, as long as the output is 2,1A. If 1A charger used, charging may become very slow.<\/td>\n<\/tr>\n<tr class=\"\">\n<th>Battery level indicator:<\/th>\n<td>LED indicator of 4 levels<\/td>\n<\/tr>\n<tr class=\"\">\n<th>Input:<\/th>\n<td>DC 5V \/ 2,1A Max<\/td>\n<\/tr>\n<tr class=\"\">\n<th>Output:<\/th>\n<td>DC 5V \/ 2,1A Max &amp; DC 5V \/ 1A Max<\/td>\n<\/tr>\n<tr class=\"\">\n<th>Total output of battery:<\/th>\n<td>DC 5V \/ 2,1\u0391<\/td>\n<\/tr>\n<tr class=\"\">\n<th>Warranty:<\/th>\n<td>12 months on battery<\/td>\n<\/tr>\n<\/tbody>\n<\/table>\n<\/div>\n<\/div>\n<div class=\"item-description row\">\n<div class=\"col-md-4\">\n<h3 class=\"title-heading\">Zubeh\u00f6r<\/h3>\n<\/div>\n<div class=\"col-md-8\">\n<p>Der Akku kann mit einem USB-Ladeger\u00e4t (separat erh\u00e4ltlich) aufgeladen werden. Es werden zwei Arten von Ladeger\u00e4ten angeboten: 2xUSB (insgesamt 2,4A) und 6xUSB (insgesamt 7A), sodass Sie jeweils bis zu 2 oder 6 Power Up Spot\u00ae gleichzeitig aufladen k\u00f6nnen.<\/p>\n<p><img decoding=\"async\" loading=\"lazy\" class=\"alignnone size-full wp-image-8186\" src=\"http:\/\/s3.eu-central-1.amazonaws.com\/images.caferestopowerbank.com\/wp\/wp-content\/uploads\/2017\/11\/22225257\/charging-accessories-power-up-spot.jpg\" alt=\"\" width=\"1000\" height=\"471\" \/><\/p>\n<\/div>\n<\/div>\n<div class=\"item-description row\">\n<div class=\"col-md-4\">\n<h3 class=\"title-heading\">Anpassung<\/h3>\n<\/div>\n<div class=\"col-md-8\">\n<p>Power Up Spot\u00ae passt sich Ihrer Unternehmens- oder Markenidentit\u00e4t an. 100% Anpassung ist mit dem Kunstwerk Ihrer Pr\u00e4ferenz verf\u00fcgbar. Misty White Edition kann einseitig bedruckt werden. Beispiele finden Sie weiter unten.<\/p>\n<p>&nbsp;<\/p>\n<p><img decoding=\"async\" loading=\"lazy\" class=\"alignnone size-full wp-image-8188\" src=\"http:\/\/s3.eu-central-1.amazonaws.com\/images.caferestopowerbank.com\/wp\/wp-content\/uploads\/2017\/11\/22230018\/power-up-spot-customization-wood.jpg\" alt=\"\" width=\"1000\" height=\"471\" \/><\/p>\n<\/div>\n<\/div>\n<div class=\"item-description row\">\n<div class=\"col-md-4\">\n<h3 class=\"title-heading\">Anti-Diebstahl-L\u00f6sung<\/h3>\n<\/div>\n<div class=\"col-md-8\">\n<p>40cm Metall + Kunststoffkabel mit Schloss, das auf den Tisch gelegt werden kann. Einfach mit 1 Schl\u00fcssel f\u00fcr je 10 Powerbanks sperren und entsperren. Wird separat verkauft.<\/p>\n<p>&nbsp;<\/p>\n<p><img decoding=\"async\" loading=\"lazy\" class=\"alignnone size-full wp-image-8189\" src=\"http:\/\/s3.eu-central-1.amazonaws.com\/images.caferestopowerbank.com\/wp\/wp-content\/uploads\/2017\/11\/22230155\/anti-theft-lock-power-up-spot.jpg\" alt=\"\" width=\"1000\" height=\"471\" \/><\/p>\n<\/div>\n<\/div>\n<\/div>\n<\/div>\n","protected":false},"excerpt":{"rendered":"<p>Autonomes Ladeger\u00e4t, Power Up Spot\u00ae Naturholz 20.000mAh.<br \/>\nIdeal f\u00fcr Orte wie Caf\u00e9s, Bars, Restaurants, Hotels, Sch\u00f6nheitssalons und alle anderen Orte, an denen die Leute Zeit damit verbringen, sich zu am\u00fcsieren oder auf Dienstleistungen zu warten.<\/p>\n<p>Kann einfach \u00fcberall platziert werden, ohne dass ein Installationsvorgang oder eine kontinuierliche Stromversorgung erforderlich ist.<\/p>\n<p>Kann jedes tragbare 5-V-Ger\u00e4t mit Blitz- \/ Micro-USB- \/ Typ-C-Eingang aufladen.<\/p>\n","protected":false},"featured_media":8311,"comment_status":"open","ping_status":"closed","template":"","meta":[],"product_cat":[186],"product_tag":[],"_links":{"self":[{"href":"https:\/\/powerupspot.com\/de\/wp-json\/wp\/v2\/product\/8432"}],"collection":[{"href":"https:\/\/powerupspot.com\/de\/wp-json\/wp\/v2\/product"}],"about":[{"href":"https:\/\/powerupspot.com\/de\/wp-json\/wp\/v2\/types\/product"}],"replies":[{"embeddable":true,"href":"https:\/\/powerupspot.com\/de\/wp-json\/wp\/v2\/comments?post=8432"}],"wp:featuredmedia":[{"embeddable":true,"href":"https:\/\/powerupspot.com\/de\/wp-json\/wp\/v2\/media\/8311"}],"wp:attachment":[{"href":"https:\/\/powerupspot.com\/de\/wp-json\/wp\/v2\/media?parent=8432"}],"wp:term":[{"taxonomy":"product_cat","embeddable":true,"href":"https:\/\/powerupspot.com\/de\/wp-json\/wp\/v2\/product_cat?post=8432"},{"taxonomy":"product_tag","embeddable":true,"href":"https:\/\/powerupspot.com\/de\/wp-json\/wp\/v2\/product_tag?post=8432"}],"curies":[{"name":"wp","href":"https:\/\/api.w.org\/{rel}","templated":true}]}}