{"id":8435,"date":"2015-12-30T11:07:49","date_gmt":"2015-12-30T09:07:49","guid":{"rendered":"http:\/\/powerupspot.com\/product\/usb-charger-2xusb-21a-recharging-power-banks\/"},"modified":"2019-09-30T20:12:53","modified_gmt":"2019-09-30T17:12:53","slug":"2usb-ladegeraet","status":"publish","type":"product","link":"https:\/\/powerupspot.com\/de\/product\/2usb-ladegeraet\/","title":{"rendered":"USB-Ladeger\u00e4t 2xUSB 2,1A zum Aufladen von Power Up Spot\u00ae"},"content":{"rendered":"","protected":false},"excerpt":{"rendered":"<p>Laden Sie mit dem 2xUSB-Ladeger\u00e4t bis zu 2 Power Up Spot\u00ae gleichzeitig auf.<\/p>\n<p>Laden Sie zum schnelleren Laden jedes Mal 1 Power Up Spot\u00ae auf.<\/p>\n<p>Das Ladeger\u00e4t besteht aus hochwertigen Materialien und verf\u00fcgt \u00fcber die folgenden Schutztechnologien:<\/p>\n<ul>\n<li>\u00dcberspannungsschutz<\/li>\n<li>Kurzschlussschutz<\/li>\n<li>\u00dcberladeschutz<\/li>\n<li>\u00dcberspannungschutz<\/li>\n<li>Hochtemperaturschutz<\/li>\n<li>Spannungsschutz<\/li>\n<li>Ausgangs\u00fcberspannungsschutz<\/li>\n<\/ul>\n","protected":false},"featured_media":8411,"comment_status":"open","ping_status":"closed","template":"","meta":[],"product_cat":[186],"product_tag":[],"_links":{"self":[{"href":"https:\/\/powerupspot.com\/de\/wp-json\/wp\/v2\/product\/8435"}],"collection":[{"href":"https:\/\/powerupspot.com\/de\/wp-json\/wp\/v2\/product"}],"about":[{"href":"https:\/\/powerupspot.com\/de\/wp-json\/wp\/v2\/types\/product"}],"replies":[{"embeddable":true,"href":"https:\/\/powerupspot.com\/de\/wp-json\/wp\/v2\/comments?post=8435"}],"wp:featuredmedia":[{"embeddable":true,"href":"https:\/\/powerupspot.com\/de\/wp-json\/wp\/v2\/media\/8411"}],"wp:attachment":[{"href":"https:\/\/powerupspot.com\/de\/wp-json\/wp\/v2\/media?parent=8435"}],"wp:term":[{"taxonomy":"product_cat","embeddable":true,"href":"https:\/\/powerupspot.com\/de\/wp-json\/wp\/v2\/product_cat?post=8435"},{"taxonomy":"product_tag","embeddable":true,"href":"https:\/\/powerupspot.com\/de\/wp-json\/wp\/v2\/product_tag?post=8435"}],"curies":[{"name":"wp","href":"https:\/\/api.w.org\/{rel}","templated":true}]}}