{"id":8438,"date":"2015-12-30T11:06:03","date_gmt":"2015-12-30T09:06:03","guid":{"rendered":"http:\/\/powerupspot.com\/product\/usb-charger-5xusb\/"},"modified":"2021-06-09T12:12:03","modified_gmt":"2021-06-09T09:12:03","slug":"5usb-ladegeraet","status":"publish","type":"product","link":"https:\/\/powerupspot.com\/de\/product\/5usb-ladegeraet\/","title":{"rendered":"USB-Ladeger\u00e4t 6xUSB 9A zum Aufladen von Power Up Spot\u00ae"},"content":{"rendered":"","protected":false},"excerpt":{"rendered":"<p>Laden Sie mit dem 6xUSB Multi-Ladeger\u00e4t bis zu 6 Power Up Spot\u00ae gleichzeitig auf.<\/p>\n<p>Mit einer Gesamtleistung von 9A k\u00f6nnen bis zu 6 Ger\u00e4te gleichzeitig schnell aufgeladen werden.<\/p>\n<p>Das Ladeger\u00e4t besteht aus hochwertigen Materialien und verf\u00fcgt \u00fcber die folgenden Schutztechnologien:<\/p>\n<ul>\n<li>\u00dcberspannungsschutz<\/li>\n<li>Kurzschlussschutz<\/li>\n<li>\u00dcberladeschutz<\/li>\n<li>\u00dcberspannungschutz<\/li>\n<li>Hochtemperaturschutz<\/li>\n<li>Spannungsschutz<\/li>\n<li>Ausgangs\u00fcberspannungsschutz<\/li>\n<\/ul>\n","protected":false},"featured_media":8669,"comment_status":"open","ping_status":"closed","template":"","meta":[],"product_cat":[186],"product_tag":[],"_links":{"self":[{"href":"https:\/\/powerupspot.com\/de\/wp-json\/wp\/v2\/product\/8438"}],"collection":[{"href":"https:\/\/powerupspot.com\/de\/wp-json\/wp\/v2\/product"}],"about":[{"href":"https:\/\/powerupspot.com\/de\/wp-json\/wp\/v2\/types\/product"}],"replies":[{"embeddable":true,"href":"https:\/\/powerupspot.com\/de\/wp-json\/wp\/v2\/comments?post=8438"}],"wp:featuredmedia":[{"embeddable":true,"href":"https:\/\/powerupspot.com\/de\/wp-json\/wp\/v2\/media\/8669"}],"wp:attachment":[{"href":"https:\/\/powerupspot.com\/de\/wp-json\/wp\/v2\/media?parent=8438"}],"wp:term":[{"taxonomy":"product_cat","embeddable":true,"href":"https:\/\/powerupspot.com\/de\/wp-json\/wp\/v2\/product_cat?post=8438"},{"taxonomy":"product_tag","embeddable":true,"href":"https:\/\/powerupspot.com\/de\/wp-json\/wp\/v2\/product_tag?post=8438"}],"curies":[{"name":"wp","href":"https:\/\/api.w.org\/{rel}","templated":true}]}}