{"id":8442,"date":"2015-12-30T11:05:24","date_gmt":"2015-12-30T09:05:24","guid":{"rendered":"http:\/\/powerupspot.com\/product\/anti-theft-lock-40cm\/"},"modified":"2019-09-30T20:16:20","modified_gmt":"2019-09-30T17:16:20","slug":"diebstahlsicherung","status":"publish","type":"product","link":"https:\/\/powerupspot.com\/de\/product\/diebstahlsicherung\/","title":{"rendered":"Diebstahlsicherung 40cm schwarz mit 2 Schl\u00fcsseln"},"content":{"rendered":"","protected":false},"excerpt":{"rendered":"<p>40 cm Metallkabel mit schwarzem Kunststoff \u00fcberzogen, mit Spind, der auf den Tisch oder eine andere glatte Oberfl\u00e4che gelegt werden kann. Einfach mit 1 Schl\u00fcssel f\u00fcr je 10 Powerbanks sperren und entsperren.<\/p>\n<p>Beim Entriegeln und Entfernen der Power Bank bleibt nur der runde schwarze Teil auf dem Tisch.<\/p>\n<p>Ideale L\u00f6sung f\u00fcr gro\u00dfe \u00f6ffentliche Veranstaltungsorte oder im Freien.<\/p>\n<p>&nbsp;<\/p>\n<p><img decoding=\"async\" loading=\"lazy\" class=\"alignnone size-full wp-image-8354\" src=\"http:\/\/s3.eu-central-1.amazonaws.com\/images.caferestopowerbank.com\/wp\/wp-content\/uploads\/2018\/10\/23181329\/anti-theft-locker-power-up-spot-tabletop-charging-solution-bar-restaurants.jpg\" alt=\"\" width=\"1000\" height=\"471\" \/><\/p>\n<p>&nbsp;<\/p>\n","protected":false},"featured_media":8417,"comment_status":"open","ping_status":"closed","template":"","meta":[],"product_cat":[186],"product_tag":[],"_links":{"self":[{"href":"https:\/\/powerupspot.com\/de\/wp-json\/wp\/v2\/product\/8442"}],"collection":[{"href":"https:\/\/powerupspot.com\/de\/wp-json\/wp\/v2\/product"}],"about":[{"href":"https:\/\/powerupspot.com\/de\/wp-json\/wp\/v2\/types\/product"}],"replies":[{"embeddable":true,"href":"https:\/\/powerupspot.com\/de\/wp-json\/wp\/v2\/comments?post=8442"}],"wp:featuredmedia":[{"embeddable":true,"href":"https:\/\/powerupspot.com\/de\/wp-json\/wp\/v2\/media\/8417"}],"wp:attachment":[{"href":"https:\/\/powerupspot.com\/de\/wp-json\/wp\/v2\/media?parent=8442"}],"wp:term":[{"taxonomy":"product_cat","embeddable":true,"href":"https:\/\/powerupspot.com\/de\/wp-json\/wp\/v2\/product_cat?post=8442"},{"taxonomy":"product_tag","embeddable":true,"href":"https:\/\/powerupspot.com\/de\/wp-json\/wp\/v2\/product_tag?post=8442"}],"curies":[{"name":"wp","href":"https:\/\/api.w.org\/{rel}","templated":true}]}}