{"id":7536,"date":"2015-01-12T04:37:44","date_gmt":"2015-01-12T04:37:44","guid":{"rendered":"http:\/\/caferestopowerbank.com\/caferesto-powerbank\/"},"modified":"2020-11-02T18:27:42","modified_gmt":"2020-11-02T16:27:42","slug":"power-up-spot","status":"publish","type":"page","link":"https:\/\/powerupspot.com\/es\/","title":{"rendered":"Power Up Spot\u00ae"},"content":{"rendered":"<p>[vc_row isfullwidth=\u00bb0&#8243;][vc_column el_class=\u00bbarea-home\u00bb][rev_slider_vc alias=\u00bbhome-slide-spanish\u00bb][\/vc_column][\/vc_row][vc_row css=\u00bb.vc_custom_1451496643697{padding-top: 20px !important;padding-bottom: 50px !important;}\u00bb][vc_column el_class=\u00bbarea-overview\u00bb][pbr_title_heading title=\u00bbResumen\u00bb descript=\u00bbINFORMACI\u00d3N B\u00c1SICA\u00bb style=\u00bbheading-style1&#8243; subtitle=\u00bbShop\u00bb][vc_row_inner][vc_column_inner width=\u00bb1\/3&#8243;][vc_column_text]<\/p>\n<h4>Power Up Spot\u00ae<\/h4>\n<p>\u00a1El primer cargador independiente para cafeter\u00edas, bares, restaurantes, hoteles, salones de belleza y otros negocios!<\/p>\n<p>Ideal para cualquier lugar donde los clientes pasen tiempo disfrutando o esperando servicios.<\/p>\n<p>Creado y fabricado en Grecia, con altos est\u00e1ndares de calidad y desarrollo continuo.<\/p>\n<p>Es la soluci\u00f3n m\u00e1s extendida para cargar dispositivos port\u00e1tiles, como tel\u00e9fonos inteligentes y tabletas, sin necesidad de enchufar ninguna habitaci\u00f3n. Dispone de la posibilidad de personalizaci\u00f3n completa con marcas de la compa\u00f1\u00eda o patrocinadores.<\/p>\n<p>Tiene una patente de O.B.I. (Organizaci\u00f3n de propiedad industrial) | Hecho en Grecia[\/vc_column_text][\/vc_column_inner][vc_column_inner width=\u00bb1\/3&#8243;][vc_single_image image=\u00bb8269&#8243; img_size=\u00bbfull\u00bb][\/vc_column_inner][vc_column_inner width=\u00bb1\/3&#8243;][vc_column_text]<\/p>\n<h4>Caracter\u00edsticas principales<\/h4>\n<ul class=\"list-unstyled list-circle\">\n<li>Adecuado para montaje de escritorio, sin ning\u00fan proceso de instalaci\u00f3n y sin necesidad de una toma de corriente<\/li>\n<li>Carga r\u00e1pidamente dispositivos de 5V como smartphones, tabletas, cigarrillos electr\u00f3nicos, c\u00e1maras digitales, etc.<\/li>\n<li>Capacidad de bater\u00eda de 20.000 mAh, suficiente para hasta 14-15 cargas del 50% o 7-8 cargas completas del smartphone (dependiendo del dispositivo de carga)<\/li>\n<li>Tiene dos cables\u00a0de triple cabeza (lightning\/micro USB\/type-C) adecuados para la carga simult\u00e1nea de dos dispositivos<\/li>\n<li>Cuando se descargan sus bater\u00edas, se recarga f\u00e1cilmente con una cabeza de cargador de enchufe com\u00fan (idealmente 2.1A)<\/li>\n<\/ul>\n<p>[\/vc_column_text][\/vc_column_inner][\/vc_row_inner][\/vc_column][\/vc_row][vc_row full_width=\u00bbstretch_row_content_no_spaces\u00bb isfullwidth=\u00bb0&#8243;][vc_column el_class=\u00bbarea-features\u00bb][rev_slider_vc alias=\u00bbelements-spanish\u00bb el_class=\u00bbhide-mobile\u00bb][\/vc_column][\/vc_row][vc_row css=\u00bb.vc_custom_1451895709869{padding-top: 30px !important;padding-bottom: 50px !important;}\u00bb][vc_column el_class=\u00bbarea-models\u00bb][pbr_title_heading title=\u00bbModels\u00bb descript=\u00bbENCUENTRE EL QUE LE QUEDE MEJOR\u00bb style=\u00bbheading-style1&#8243; subtitle=\u00bbLatest\u00bb][pbr_productcategory category=\u00bbhome-es\u00bb columns_count=\u00bb4&#8243;][\/vc_column][\/vc_row][vc_row isfullwidth=\u00bb0&#8243;][vc_column][pbr_title_heading title=\u00bbDISE\u00d1O\u00bb descript=\u00bbINTELIGENTE &amp; FUNCIONAL\u00bb style=\u00bbheading-style1&#8243; subtitle=\u00bbLatest\u00bb][pbr_designs design_title1=\u00bbCarga simult\u00e1nea de dos dispositivos\u00bb design_description1=\u00bb\u00a1Puede cargar dos al mismo tiempo<br \/>\ndispositivos. Smartphones, tabletas, cigarrillos electr\u00f3nicos<br \/>\ny otros dispositivos de 5V pueden cargarse r\u00e1pida y f\u00e1cilmente.\u00bb design_image1=\u00bb8283&#8243; design_top_image1=\u00bb8283&#8243; design_title2=\u00bbEnerg\u00eda incluso para Tabletas\u00bb design_description2=\u00bbGracias a su puerto 2,1A y a su capacidad de 20.000mAh<br \/>\nes adecuado incluso para carga de Tabletas.\u00bb design_image2=\u00bb8284&#8243; design_top_image2=\u00bb8284&#8243; design_title3=\u00bbEl \u00fanico con cables de espiral\u00bb design_description3=\u00bbLos cables de espiral facilitan el uso a distancia<br \/>\nhas 60cm, mientras ocupan poco espacio<br \/>\nmanteniendo la forma elegante del dispositivo.\u00bb design_image3=\u00bb8287&#8243; design_top_image3=\u00bb8287&#8243; design_title4=\u00bbAcabado inmejorable\u00bb design_description4=\u00bbEstructura que presta atenci\u00f3n al detalle<br \/>\npara un resultado est\u00e9tico impecable,<br \/>\nque aporta a la est\u00e9tica de su espacio. \u00bb design_image4=\u00bb8281&#8243; design_top_image4=\u00bb8281&#8243; design_title5=\u00bbSe ajusta para usted \u00bb design_description5=\u00bb\u00a1 Posibilidad de personalizaci\u00f3n completa con<br \/>\nun adhesivo de vinilo de cobertura exterior parcial<br \/>\no con dise\u00f1o de logotipo de cobertura interior completa!\u00bb design_image5=\u00bb8282&#8243; design_top_image5=\u00bb8282&#8243; design_title6=\u00bbUn cable, dos cabezas\u00bb design_description6=\u00bbCada cable de espiral, lleva encima de s\u00ed una cabeza triple<br \/>\npara que el usuario elija cada<br \/>\nvez la que se ajusta mejor a su dispositivo. \u00bb design_image6=\u00bb8286&#8243; design_top_image6=\u00bb8286&#8243; design_title7=\u00bbCon soluci\u00f3n antirrobo\u00bb design_description7=\u00bbUna soluci\u00f3n antirrobo que se dispone como accesorio,<br \/>\ncon cable cubierto de pl\u00e1stico,<br \/>\ncandado con llave y tapa de seguridad con cinta de 3M.\u00bb design_image7=\u00bb8285&#8243; design_top_image7=\u00bb8285&#8243; design_title8=\u00bbCarga masiva con adaptador 5XUSB\u00bb design_description8=\u00bbUn adaptador que se dispone<br \/>\ncomo accesorio para la recarga de powerbanks<br \/>\ncon 5xUSB y amperaje de 8A.\u00bb design_image8=\u00bb8409&#8243; design_top_image8=\u00bb8409&#8243;][\/vc_column][\/vc_row][vc_row css=\u00bb.vc_custom_1569864729075{margin-top: 40px !important;padding-top: 60px !important;padding-bottom: 120px !important;background-image: url(http:\/\/s3.eu-central-1.amazonaws.com\/images.caferestopowerbank.com\/wp\/wp-content\/uploads\/2017\/09\/20154945\/power-up-spot-table-top-advertising-charger-bar-cafe-restaurants-1.jpg?id=8277) !important;background-position: 0 0 !important;background-repeat: no-repeat !important;}\u00bb el_class=\u00bbarea-advertise\u00bb][vc_column width=\u00bb5\/6&#8243; offset=\u00bbvc_col-lg-7 vc_col-md-8&#8243; css=\u00bb.vc_custom_1504107599031{margin-top: -70px !important;}\u00bb el_class=\u00bbarea-advertise\u00bb][vc_column_text el_class=\u00bbmy-mobile-effect\u00bb]<img decoding=\"async\" loading=\"lazy\" class=\"alignnone size-full wp-image-8291\" src=\"http:\/\/s3.eu-central-1.amazonaws.com\/images.caferestopowerbank.com\/wp\/wp-content\/uploads\/2015\/01\/20163641\/power-up-spot-powerbank-gia-kafeteries-estiatoria-hotel-me-logo-2.jpg\" alt=\"\" width=\"1000\" height=\"734\" \/>[\/vc_column_text][pbr_title_heading title=\u00bbPromoci\u00f3nese\u00bb descript=\u00bbNUEVA GENERACI\u00d3N DE MATERIAL POP\u00bb][pbr_featuredbox title=\u00bbPromoci\u00f3n efectiva del producto\u00bb style=\u00bbv1&#8243; photo=\u00bb8110&#8243; information=\u00bbPower Up Spot\u00ae funciona de manera eficiente como una herramienta de visualizaci\u00f3n, ya que se coloca exactamente en el punto de consumo. Comunica, informa, recuerda y ayuda a la decisi\u00f3n de compra. Al mismo tiempo, expone al p\u00fablico directamente a su mensaje, incluso cuando se trata de un producto \/ servicio que no se consume en el espacio.\u00bb][vc_empty_space height=\u00bb20px\u00bb][pbr_featuredbox title=\u00bbLanzamiento de nuevos productos\u00bb style=\u00bbv1&#8243; photo=\u00bb8110&#8243; information=\u00bbEn el caso de lanzar nuevos productos en el mercado, Power Up Spot\u00ae puede proporcionar un impulso significativo a las ventas. Al proyectar el producto en el espacio disponible, fortalece las compras espont\u00e1neas y se comunica directamente con el p\u00fablico que est\u00e1 dispuesto a probar nuevos productos.\u00bb][vc_empty_space height=\u00bb20px\u00bb][pbr_featuredbox title=\u00bbInnovaci\u00f3n de marca\u00bb style=\u00bbv1&#8243; photo=\u00bb8110&#8243; information=\u00bbConecte su marca con un producto innovador. Si uno de los elementos que determina su identidad de marca es la innovaci\u00f3n, entonces esta imagen se mejora al proporcionar a su p\u00fablico un servicio gratuito de carga cuando lo necesita de una manera \u00fanica hasta el momento.\u00bb][vc_empty_space height=\u00bb20px\u00bb][pbr_featuredbox title=\u00bbProgramas de recompensa\u00bb style=\u00bbv1&#8243; photo=\u00bb8110&#8243; information=\u00bbPremie a sus clientes con una herramienta \u00fatil para su negocio, que mejorar\u00e1 sus servicios. Power Up Spot\u00ae es reconocido por su singularidad, confiabilidad y facilidad de uso, que cada empresa desear\u00eda en su negocio.\u00bb][vc_empty_space height=\u00bb20px\u00bb][vc_column_text]<a class=\"btn btn-lg btn-default contact-effect\" href=\"http:\/\/caferestopowerbank.com\/#contact\">HABLE CON NOSOTROS<\/a>[\/vc_column_text][\/vc_column][\/vc_row][vc_row parallax=\u00bb1&#8243; parallax_image=\u00bb7886&#8243; css=\u00bb.vc_custom_1550853353488{padding-top: 170px !important;padding-bottom: 170px !important;}\u00bb][vc_column][vc_column_text]<\/p>\n<h2 class=\"text-white text-big-3\">Mejore su empresa<\/h2>\n<p class=\"text-white text-big-2 space-20\">Con equipo innovador<\/p>\n<p><a class=\"btn btn-lg btn-default\" href=\"https:\/\/www.youtube.com\/watch?v=JzEXKord7eE&amp;t\" target=\"_blank\" rel=\"noopener\">MIRE EL PROMO SPOT<\/a>[\/vc_column_text][\/vc_column][\/vc_row][vc_row isfullwidth=\u00bb0&#8243;][vc_column el_class=\u00bbarea-gallery\u00bb][pbr_title_heading title=\u00bbGaler\u00eda\u00bb descript=\u00bbPROYECTOS INDICATIVOS\u00bb style=\u00bbheading-style1&#8243; subtitle=\u00bbLatest\u00bb][vc_gallery type=\u00bbimage_grid\u00bb images=\u00bb8070,8068,8064,8062,8069,8071,7261,8061,7510,7266,7512,7260,7267,7509,7511,7270,7290,7268,7271,7273,8066,7264,7284,7285,7262,7516,7275,7263&#8243; img_size=\u00bbfull\u00bb][pbr_title_heading title=\u00bbTrusted By\u00bb descript=\u00bbsome of our clients\u00bb style=\u00bbheading-style1&#8243; subtitle=\u00bbLatest\u00bb][vc_images_carousel images=\u00bb7725,7723,7724,7748,7741,7721,7747,7744,7750,7751,7752,7753,7755,7764,7763,7762,7761,7760,7759&#8243; img_size=\u00bbfull\u00bb onclick=\u00bblink_no\u00bb speed=\u00bb2000&#8243; slides_per_view=\u00bb6&#8243; autoplay=\u00bbyes\u00bb hide_pagination_control=\u00bbyes\u00bb wrap=\u00bbyes\u00bb el_class=\u00bbpc-carousel\u00bb][vc_images_carousel images=\u00bb7725,7723,7724,7748,7741,7721,7747,7744,7750,7751,7752,7753,7755,7764,7763,7762,7761,7760,7759&#8243; img_size=\u00bbfull\u00bb onclick=\u00bblink_no\u00bb speed=\u00bb2000&#8243; slides_per_view=\u00bb2&#8243; autoplay=\u00bbyes\u00bb hide_pagination_control=\u00bbyes\u00bb wrap=\u00bbyes\u00bb el_class=\u00bbmobile-carousel\u00bb][\/vc_column][\/vc_row]<\/p>\n","protected":false},"excerpt":{"rendered":"<p>[vc_row isfullwidth=\u00bb0&#8243;][vc_column el_class=\u00bbarea-home\u00bb][rev_slider_vc alias=\u00bbhome-slide-spanish\u00bb][\/vc_column][\/vc_row][vc_row css=\u00bb.vc_custom_1451496643697{padding-top: 20px !important;padding-bottom: 50px !important;}\u00bb][vc_column el_class=\u00bbarea-overview\u00bb][pbr_title_heading title=\u00bbResumen\u00bb descript=\u00bbINFORMACI\u00d3N B\u00c1SICA\u00bb style=\u00bbheading-style1&#8243; subtitle=\u00bbShop\u00bb][vc_row_inner][vc_column_inner width=\u00bb1\/3&#8243;][vc_column_text] Power Up Spot\u00ae \u00a1El primer cargador independiente para cafeter\u00edas, bares, restaurantes, hoteles, salones de belleza y otros negocios! Ideal para cualquier lugar donde los clientes pasen tiempo disfrutando o esperando servicios. Creado y fabricado en Grecia, con altos est\u00e1ndares &hellip; <a href=\"https:\/\/powerupspot.com\/es\/\" class=\"more-link\">Continue reading <span class=\"screen-reader-text\">Power Up Spot\u00ae<\/span><span class=\"meta-nav\">&rarr;<\/span><\/a><\/p>\n","protected":false},"author":1,"featured_media":0,"parent":0,"menu_order":0,"comment_status":"closed","ping_status":"closed","template":"","meta":[],"_links":{"self":[{"href":"https:\/\/powerupspot.com\/es\/wp-json\/wp\/v2\/pages\/7536"}],"collection":[{"href":"https:\/\/powerupspot.com\/es\/wp-json\/wp\/v2\/pages"}],"about":[{"href":"https:\/\/powerupspot.com\/es\/wp-json\/wp\/v2\/types\/page"}],"author":[{"embeddable":true,"href":"https:\/\/powerupspot.com\/es\/wp-json\/wp\/v2\/users\/1"}],"replies":[{"embeddable":true,"href":"https:\/\/powerupspot.com\/es\/wp-json\/wp\/v2\/comments?post=7536"}],"version-history":[{"count":42,"href":"https:\/\/powerupspot.com\/es\/wp-json\/wp\/v2\/pages\/7536\/revisions"}],"predecessor-version":[{"id":8561,"href":"https:\/\/powerupspot.com\/es\/wp-json\/wp\/v2\/pages\/7536\/revisions\/8561"}],"wp:attachment":[{"href":"https:\/\/powerupspot.com\/es\/wp-json\/wp\/v2\/media?parent=7536"}],"curies":[{"name":"wp","href":"https:\/\/api.w.org\/{rel}","templated":true}]}}