{"id":7600,"date":"2016-01-10T10:20:38","date_gmt":"2016-01-10T08:20:38","guid":{"rendered":"http:\/\/caferestopowerbank.com\/product\/cafe-resto-powerbank-crystal-clear\/"},"modified":"2019-09-30T21:20:30","modified_gmt":"2019-09-30T18:20:30","slug":"crystal-clear-20000mah","status":"publish","type":"product","link":"https:\/\/powerupspot.com\/es\/product\/crystal-clear-20000mah\/","title":{"rendered":"CRYSTAL CLEAR 20000mAh"},"content":{"rendered":"<div class=\"item-description row \">\n<div class=\"col-md-4\">\n<h3 class=\"title-heading\">Informaci\u00f3n<\/h3>\n<\/div>\n<div class=\"col-md-8\">\n<p>El producto se entrega listo, en la forma ilustrada. Est\u00e1 hecho de madera natural y vidrio plexi, con m\u00faltiples tratamientos de acabado e incorpora un power bank de alto rendimiento de 2000mAh de la conocida empresa ROMOSS.<\/p>\n<p>Tambi\u00e9n tiene dos cables espirales de tres cabezas para cargar dispositivos con un puerto lightning, micro-USB y tipo-C.<\/p>\n<p>Carga sus bater\u00edas cuando est\u00e1n vac\u00edas, con un adaptador de enchufe (idealmente 2.1A) que se vende por separado. Los cargadores con 2 puertos USB y 5 puertos USB para cargar 2 o 5 Power Up Spot\u00ae est\u00e1n disponibles al mismo tiempo.<\/p>\n<\/div>\n<\/div>\n<div class=\"item-description row\">\n<div class=\"col-md-4\">\n<h3 class=\"title-heading\">Caracter\u00edsticas t\u00e9cnicas<\/h3>\n<\/div>\n<div class=\"col-md-8\">\n<table class=\"table table-bordered\">\n<tbody>\n<tr class=\"\">\n<th>Certificaciones:<\/th>\n<td>CE, FCC &amp; RoHS<\/td>\n<\/tr>\n<tr class=\"\">\n<th>Adecuado para la carga:<\/th>\n<td>Tel\u00e9fono inteligente y tableta (con rayo y puerto micro USB) \/ C\u00e1maras digitales \/ MP3 \/ MP4 \/ Consolas port\u00e1tiles como PSP \/ Cigarrillo electr\u00f3nico \/ Varios dispositivos con voltaje de carga de DC 5V<\/td>\n<\/tr>\n<tr class=\"\">\n<th>Cables \/ salidas de carga:<\/th>\n<td>2 cables de tres extremos\u00a0(micro usb \/ lightning de 8 pines \/ type-C) para cubrir todos los dispositivos Apple con un puerto lightning y todos los dispositivos con puerto micro USB y 5V.<\/td>\n<\/tr>\n<tr class=\"\">\n<th>Capacidad de la bater\u00eda:<\/th>\n<td>20.000mAh (capaz de 7-8 cargas completas de un smartphone 2500mAh o 14-15 cargas de 50%)<\/td>\n<\/tr>\n<tr class=\"\">\n<th>Tipo de Bater\u00eda:<\/th>\n<td>Li-Polymer<\/td>\n<\/tr>\n<tr class=\"\">\n<th>Dimensiones:<\/th>\n<td>Longitud 13.5cm x 9cm (Base) \/ Altura: 22,5 cm (\u00e1rea de impresi\u00f3n 10,8 \u00d7 21,5 cm)<\/td>\n<\/tr>\n<tr class=\"\">\n<th>Peso:<\/th>\n<td>850gr.<\/td>\n<\/tr>\n<tr class=\"\">\n<th>Tiempo de carga completo:<\/th>\n<td>20.000mAh: \u224812 horas (con cargador USB de 2,1 A)<\/td>\n<\/tr>\n<tr class=\"\">\n<th>Ciclo de vida de la bater\u00eda:<\/th>\n<td>M\u00e1s de 500 ciclos de carga \/ descarga<\/td>\n<\/tr>\n<tr class=\"\">\n<th>M\u00e9todo de carga:<\/th>\n<td>A trav\u00e9s de un cargador de energ\u00eda USB 2.1A, como un smartphone o tableta (no incluido \/ vendido por separado)<\/td>\n<\/tr>\n<tr class=\"\">\n<th>Indicador de nivel:<\/th>\n<td>Tiene un indicador de nivel de bater\u00eda LED<\/td>\n<\/tr>\n<tr class=\"\">\n<th>Voltaje de entrada::<\/th>\n<td>DC 5V \/ 2,1A Max<\/td>\n<\/tr>\n<tr class=\"\">\n<th>Tensi\u00f3n de salida:<\/th>\n<td>DC 5V \/ 2,1A Max &amp; DC 5V \/ 1A Max<\/td>\n<\/tr>\n<tr class=\"\">\n<th>Tensi\u00f3n total de corriente<br \/>\nde carga simult\u00e1nea:<\/th>\n<td>DC 5V \/ 2,1\u0391<\/td>\n<\/tr>\n<tr class=\"\">\n<th>Garant\u00eda:<\/th>\n<td>12 meses de garant\u00eda de la bater\u00eda<\/td>\n<\/tr>\n<\/tbody>\n<\/table>\n<\/div>\n<\/div>\n<div class=\"item-description row\">\n<div class=\"col-md-4\">\n<h3 class=\"title-heading\">Accesorios<\/h3>\n<\/div>\n<div class=\"col-md-8\">\n<p>La carga de los power banks cuando se vac\u00edan las bater\u00edas se realiza con un adaptador de 2.1 A, un adaptador de tel\u00e9fono inteligente o tableta (el uso del adaptador de 1 A dar\u00e1 como resultado una carga muy lenta del power bank). Cuidado, la carga no se realiza en un puerto de computadora USB debido a una fuente de alimentaci\u00f3n insuficiente.<\/p>\n<p>Hay disponible una puerta 2xUSB o un adaptador de puerto 5xUSB como producto adicional para cargar simult\u00e1neamente hasta 2 y 5 Power Up Spot\u00ae, respectivamente.<\/p>\n<p><img decoding=\"async\" loading=\"lazy\" class=\"alignnone wp-image-7480 size-full\" src=\"http:\/\/s3.eu-central-1.amazonaws.com\/images.caferestopowerbank.com\/wp\/wp-content\/uploads\/2016\/01\/31160341\/cafe-resto-powerbank-chargers.jpg\" alt=\"\" width=\"1000\" height=\"471\" \/><\/p>\n<\/div>\n<\/div>\n<div class=\"item-description row\">\n<div class=\"col-md-4\">\n<h3 class=\"title-heading\">Personalizaci\u00f3n<\/h3>\n<\/div>\n<div class=\"col-md-8\">\n<p>Power Up Spot\u00ae est\u00e1 hecho para adaptarse a su identidad corporativa o de marca. El 100% de personalizaci\u00f3n est\u00e1 disponible con las ilustraciones de su preferencia. La edici\u00f3n Crystal Clear se puede imprimir en 2 lados. Por favor, vea los ejemplos a continuaci\u00f3n.<\/p>\n<p>&nbsp;<\/p>\n<p><img decoding=\"async\" loading=\"lazy\" class=\"alignnone size-full wp-image-8187\" src=\"http:\/\/s3.eu-central-1.amazonaws.com\/images.caferestopowerbank.com\/wp\/wp-content\/uploads\/2017\/11\/22225813\/power-up-spot-customization.jpg\" alt=\"\" width=\"1000\" height=\"471\" \/><\/p>\n<\/div>\n<\/div>\n<div class=\"item-description row\">\n<div class=\"col-md-4\">\n<h3 class=\"title-heading\">Antirrobos<\/h3>\n<\/div>\n<div class=\"col-md-8\">\n<p>Antirrobos con cable de 40cm. Se coloca en la base del Power Up Spot\u00ae envolvi\u00e9ndolo y asegur\u00e1ndolo mientras que el otro extremo del antirrobos (cerradura) tiene una cinta de 3M para sujetarlo a la mesa.<\/p>\n<p>El pestillo especial permite una f\u00e1cil liberaci\u00f3n y transferencia de Powerbank a otro punto o punto de recarga. Para mayor comodidad, hay disponible una clave compartida por cada 10 piezas.<\/p>\n<p>&nbsp;<\/p>\n<p><img decoding=\"async\" loading=\"lazy\" class=\"alignnone size-full wp-image-8189\" src=\"http:\/\/s3.eu-central-1.amazonaws.com\/images.caferestopowerbank.com\/wp\/wp-content\/uploads\/2017\/11\/22230155\/anti-theft-lock-power-up-spot.jpg\" alt=\"\" width=\"1000\" height=\"471\" \/><\/p>\n<\/div>\n<\/div>\n","protected":false},"excerpt":{"rendered":"<p>Cargador de mesa Power Up Spot\u00ae Crystal Clear 20.000mAh.<br \/>\nIdeal para restaurantes, turismo y otras \u00e1reas de productos y servicios.<\/p>\n<p>Adecuado para cafeter\u00edas, restaurantes, bares, unidades de hotel, salones de belleza como peluquer\u00edas, est\u00e9tica, agencias de juegos de azar, etc.<\/p>\n<p>Se instala donde sea necesario, sin necesidad de energ\u00eda o instalaci\u00f3n. F\u00e1cilmente transportado de mesa a mesa.<\/p>\n","protected":false},"featured_media":8304,"comment_status":"open","ping_status":"closed","template":"","meta":[],"product_cat":[181],"product_tag":[],"_links":{"self":[{"href":"https:\/\/powerupspot.com\/es\/wp-json\/wp\/v2\/product\/7600"}],"collection":[{"href":"https:\/\/powerupspot.com\/es\/wp-json\/wp\/v2\/product"}],"about":[{"href":"https:\/\/powerupspot.com\/es\/wp-json\/wp\/v2\/types\/product"}],"replies":[{"embeddable":true,"href":"https:\/\/powerupspot.com\/es\/wp-json\/wp\/v2\/comments?post=7600"}],"wp:featuredmedia":[{"embeddable":true,"href":"https:\/\/powerupspot.com\/es\/wp-json\/wp\/v2\/media\/8304"}],"wp:attachment":[{"href":"https:\/\/powerupspot.com\/es\/wp-json\/wp\/v2\/media?parent=7600"}],"wp:term":[{"taxonomy":"product_cat","embeddable":true,"href":"https:\/\/powerupspot.com\/es\/wp-json\/wp\/v2\/product_cat?post=7600"},{"taxonomy":"product_tag","embeddable":true,"href":"https:\/\/powerupspot.com\/es\/wp-json\/wp\/v2\/product_tag?post=7600"}],"curies":[{"name":"wp","href":"https:\/\/api.w.org\/{rel}","templated":true}]}}