{"id":7534,"date":"2015-01-12T04:37:44","date_gmt":"2015-01-12T04:37:44","guid":{"rendered":"http:\/\/caferestopowerbank.com\/caferesto-powerbank\/"},"modified":"2023-06-28T19:05:16","modified_gmt":"2023-06-28T16:05:16","slug":"power-up-spot","status":"publish","type":"page","link":"https:\/\/powerupspot.com\/fr\/","title":{"rendered":"Power Up Spot\u00ae"},"content":{"rendered":"<p>[vc_row isfullwidth=\u00a0\u00bb0&Prime;][vc_column el_class=\u00a0\u00bbarea-home\u00a0\u00bb][rev_slider_vc alias=\u00a0\u00bbMarket-fullwidth-slide\u00a0\u00bb][\/vc_column][\/vc_row][vc_row css=\u00a0\u00bb.vc_custom_1451496643697{padding-top: 20px !important;padding-bottom: 50px !important;}\u00a0\u00bb][vc_column el_class=\u00a0\u00bbarea-overview\u00a0\u00bb][pbr_title_heading title=\u00a0\u00bbPr\u00e9sentation\u00a0\u00bb descript=\u00a0\u00bbINFORMATIONS G\u00c9N\u00c9RALES\u00a0\u00bb style=\u00a0\u00bbheading-style1&Prime; subtitle=\u00a0\u00bbShop\u00a0\u00bb][vc_row_inner][vc_column_inner width=\u00a0\u00bb1\/3&Prime;][vc_column_text]<\/p>\n<h4>Power Up Spot\u00ae<\/h4>\n<p>La premi\u00e8re solution de recharge professionnelle pour les caf\u00e9s, les bars, les restaurants, les h\u00f4tels, les salons de beaut\u00e9 et les autres entreprises.<\/p>\n<p>Id\u00e9al pour tous les lieux o\u00f9 les clients consacrent du temps en profitant ou attendant des services.<\/p>\n<p>Cr\u00e9\u00e9 et fabriqu\u00e9 en Gr\u00e8ce, avec des normes des qualit\u00e9 \u00e9lev\u00e9es et en constante \u00e9volution.<\/p>\n<p>Il repr\u00e9sente la solution la plus courante pour recharger des appareils portables comme des smartphones et des tablettes, sans avoir besoin d\u2019une prise, n\u2019importe o\u00f9, n\u2019importe quand. Il peut \u00eatre enti\u00e8rement personnalis\u00e9 avec le logo de votre entreprise ou vos sponsors.<\/p>\n<p>Produit prot\u00e9g\u00e9 par brevet par l\u2019Organisation de la Propri\u00e9t\u00e9 Industrielle |\u00a0Fabriqu\u00e9 en Gr\u00e8ce[\/vc_column_text][\/vc_column_inner][vc_column_inner width=\u00a0\u00bb1\/3&Prime;][vc_single_image image=\u00a0\u00bb8269&Prime; img_size=\u00a0\u00bbfull\u00a0\u00bb][\/vc_column_inner][vc_column_inner width=\u00a0\u00bb1\/3&Prime;][vc_column_text]<\/p>\n<h4>Caract\u00e9ristiques principales<\/h4>\n<ul class=\"list-unstyled list-circle\">\n<li>Vous pouvez le placer n\u2019importe o\u00f9 sans processus d\u2019installation et sans avoir besoin d\u2019une prise<\/li>\n<li>Il recharge rapidement les appareils 5V comme les smartphones, tablettes, cigarettes \u00e9lectroniques, cameras num\u00e9riques etc<\/li>\n<li>Capacit\u00e9 de batterie 20.000mAh, il suffit pour jusqu\u2019\u00e0 14-15 recharges de 50% ou pour 7-8\u00a0 recharges compl\u00e8tes de smartphones (cela d\u00e9pend de la capacit\u00e9 de la batterie de chaque appareil)<\/li>\n<li>Il a deux c\u00e2bles triple t\u00eate (lightning\/micro USB\/type-C) adapt\u00e9es \u00e0 une recharge simultan\u00e9e de deux appareils<\/li>\n<li>Une fois le Power Up Spot\u00ae d\u00e9charg\u00e9, il se recharge facilement et rapidement gr\u00e2ce au chargeur USB, comme ceux utilis\u00e9s pour recharger votre smartphone \u00e0 votre domicile. (id\u00e9alement 2,1A)<\/li>\n<\/ul>\n<p>[\/vc_column_text][\/vc_column_inner][\/vc_row_inner][\/vc_column][\/vc_row][vc_row full_width=\u00a0\u00bbstretch_row_content_no_spaces\u00a0\u00bb isfullwidth=\u00a0\u00bb0&Prime;][vc_column el_class=\u00a0\u00bbarea-features\u00a0\u00bb][rev_slider_vc alias=\u00a0\u00bbelements\u00a0\u00bb el_class=\u00a0\u00bbhide-mobile\u00a0\u00bb][\/vc_column][\/vc_row][vc_row isfullwidth=\u00a0\u00bb0&Prime;][vc_column][pbr_title_heading title=\u00a0\u00bbDesign\u00a0\u00bb descript=\u00a0\u00bb\u00c9L\u00c9GANT ET FONCTIONNEL\u00a0\u00bb style=\u00a0\u00bbheading-style1&Prime; subtitle=\u00a0\u00bbLatest\u00a0\u00bb][pbr_designs design_title1=\u00a0\u00bbRecharge simultan\u00e9e de deux appareils\u00a0\u00bb design_description1=\u00a0\u00bbIl peut charger deux appareils avec la m\u00eame rapidit\u00e9 qu\u2019un chargeur standard branch\u00e9 sur une prise.<br \/>\nIl recharge les smartphones, tablettes, cigarettes \u00e9lectroniques ainsi que tous les appareils avec des prises, Micro USB, Lightning et Type C.\u00a0\u00bb design_image1=\u00a0\u00bb8283&Prime; design_top_image1=\u00a0\u00bb8283&Prime; design_title2=\u00a0\u00bb\u00c9nergie pour les tablettes\u00a0\u00bb design_description2=\u00a0\u00bbGrace au port 2,1A et \u00e0 la capacit\u00e9 20.000mAh,<br \/>\nil est appropri\u00e9 pour recharger des tablettes.\u00a0\u00bb design_image2=\u00a0\u00bb8284&Prime; design_top_image2=\u00a0\u00bb8284&Prime; design_title3=\u00a0\u00bbLe seul appareil avec des c\u00e2bles spiral\u00e9\u00a0\u00bb design_description3=\u00a0\u00bbLes c\u00e2bles spiral\u00e9 facilitent l\u2019utilisation \u00e0 une<br \/>\ndistance de jusqu\u2019\u00e0 60m, pendant qu\u2019ils occupent<br \/>\nun petit espace en maintenant l\u2019appareil \u00e9l\u00e9gant. \u00a0\u00bb design_image3=\u00a0\u00bb8287&Prime; design_top_image3=\u00a0\u00bb8287&Prime; design_title4=\u00a0\u00bbFinition parfaite\u00a0\u00bb design_description4=\u00a0\u00bbFabriqu\u00e9 avec attention aux d\u00e9tailles pour<br \/>\nun r\u00e9sultat esth\u00e9tique parfait, qui apporte<br \/>\n\u00e0 l\u2019esth\u00e9tique de votre entreprise.\u00a0\u00bb design_image4=\u00a0\u00bb8281&Prime; design_top_image4=\u00a0\u00bb8281&Prime; design_title5=\u00a0\u00bbAdaptable \u00e0 vos besoins\u00a0\u00bb design_description5=\u00a0\u00bbOn offre la possibilit\u00e9 de personnaliser votre appareil<br \/>\navec un logo en utilisant partiellement un vinyle<br \/>\nautocollant 6x14cm \u00e0 l\u2019ext\u00e9rieur ou utilisant une<br \/>\ncouverture compl\u00e8te \u00e0 l\u2019int\u00e9rieur!\u00a0\u00bb design_image5=\u00a0\u00bb8282&Prime; design_top_image5=\u00a0\u00bb8282&Prime; design_title6=\u00a0\u00bbUn c\u00e2ble, trois types de sortie\u00a0\u00bb design_description6=\u00a0\u00bbChaque c\u00e2ble spiral\u00e9 a une triple t\u00eate afin que l\u2019utilisateur<br \/>\nchoisisse chaque fois ce que convient \u00e0 son appareil. \u00a0\u00bb design_image6=\u00a0\u00bb8286&Prime; design_top_image6=\u00a0\u00bb8286&Prime; design_title7=\u00a0\u00bbAvec une solution antivol\u00a0\u00bb design_description7=\u00a0\u00bbIl est disponible comme accessoire. Une solution antivol,<br \/>\navec un c\u00e2ble metallique couvert de plastique,<br \/>\ncadenas avec cl\u00e9 et bouchons de s\u00e9curit\u00e9 avec un ruban de 3M.\u00a0\u00bb design_image7=\u00a0\u00bb8285&Prime; design_top_image7=\u00a0\u00bb8285&Prime; design_title8=\u00a0\u00bbCharge de masse avec un adaptateur 5xUSB\u00a0\u00bb design_description8=\u00a0\u00bbIl est disponible comme accessoire.<br \/>\nAdaptateur de recharge des Powerbanks<br \/>\n5xUSB et intensit\u00e9 du courant \u00e9lectrique 8A\u00a0\u00bb design_image8=\u00a0\u00bb8409&Prime; design_top_image8=\u00a0\u00bb8409&Prime;][\/vc_column][\/vc_row][vc_row css=\u00a0\u00bb.vc_custom_1569852997511{margin-top: 40px !important;padding-top: 60px !important;padding-bottom: 40px !important;background-image: url(http:\/\/s3.eu-central-1.amazonaws.com\/images.caferestopowerbank.com\/wp\/wp-content\/uploads\/2015\/01\/20163638\/power-up-spot-powerbank-gia-kafeteries-estiatoria-hotel-me-logo1.jpg?id=8290) !important;background-position: 0 0 !important;background-repeat: no-repeat !important;}\u00a0\u00bb el_class=\u00a0\u00bbarea-advertise\u00a0\u00bb][vc_column width=\u00a0\u00bb5\/6&Prime; offset=\u00a0\u00bbvc_col-lg-7 vc_col-md-8&Prime; css=\u00a0\u00bb.vc_custom_1504107599031{margin-top: -70px !important;}\u00a0\u00bb el_class=\u00a0\u00bbarea-advertise\u00a0\u00bb][vc_column_text el_class=\u00a0\u00bbmy-mobile-effect\u00a0\u00bb]<img decoding=\"async\" loading=\"lazy\" class=\"alignnone size-full wp-image-8291\" src=\"http:\/\/s3.eu-central-1.amazonaws.com\/images.caferestopowerbank.com\/wp\/wp-content\/uploads\/2015\/01\/20163641\/power-up-spot-powerbank-gia-kafeteries-estiatoria-hotel-me-logo-2.jpg\" alt=\"\" width=\"1000\" height=\"734\" \/>[\/vc_column_text][pbr_title_heading title=\u00a0\u00bbPromotion\u00a0\u00bb descript=\u00a0\u00bbMAT\u00c9RIEL NEW AGE POP\u00a0\u00bb][pbr_featuredbox title=\u00a0\u00bbPromotion efficace de produits\u00a0\u00bb style=\u00a0\u00bbv1&Prime; photo=\u00a0\u00bb8110&Prime; information=\u00a0\u00bbLe Power Up Spot\u00ae constitue un outil efficace de promotion puisque il est plac\u00e9 exactement au point de consommation. Il communique, informe, rappelle et influence la d\u00e9cision d\u2019achat. En m\u00eame temps, il fait passer votre message au public directement et pendant une p\u00e9riode suffisamment longue, m\u00eame quand il concerne un produit ou un service qui n\u2019est pas offert dans le lieu. \u00ab\u00a0][vc_empty_space height=\u00a0\u00bb20px\u00a0\u00bb][pbr_featuredbox title=\u00a0\u00bbLancement des nouveaux produits\u00a0\u00bb style=\u00a0\u00bbv1&Prime; photo=\u00a0\u00bb8110&Prime; information=\u00a0\u00bbEn cas de lancement des nouveaux produits sur le march\u00e9, le Power Up Spot\u00ae peut donner une impulsion consid\u00e9rable aux ventes. Pr\u00e9sent\u00e9 dans tous les lieux o\u00f9 il est disponible, le produit encourage les achats impulsifs et communique directement au public qui est pr\u00eat \u00e0 essayer des nouveaux produits.\u00a0\u00bb][vc_empty_space height=\u00a0\u00bb20px\u00a0\u00bb][pbr_featuredbox title=\u00a0\u00bb Innovation de marque\u00a0\u00bb style=\u00a0\u00bbv1&Prime; photo=\u00a0\u00bb8110&Prime; information=\u00a0\u00bbAssociez votre marque \u00e0 un produit innovant. Si un des \u00e9l\u00e9ments qui d\u00e9terminent l\u2019identit\u00e9 de votre marque est l\u2019innovation, cette image est renforc\u00e9e en fournissant gratuitement au public un service de recharge, au moment ou il en a besoins, et ce de mani\u00e8re singuli\u00e8re et unique.\u00a0\u00bb][vc_empty_space height=\u00a0\u00bb20px\u00a0\u00bb][vc_empty_space height=\u00a0\u00bb20px\u00a0\u00bb][vc_column_text]<a class=\"btn btn-lg btn-default contact-effect\" href=\"http:\/\/caferestopowerbank.com\/#contact\">CONTACTEZ NOUS<\/a>[\/vc_column_text][\/vc_column][\/vc_row][vc_row css=\u00a0\u00bb.vc_custom_1451895709869{padding-top: 30px !important;padding-bottom: 50px !important;}\u00a0\u00bb][vc_column el_class=\u00a0\u00bbarea-models\u00a0\u00bb][pbr_title_heading title=\u00a0\u00bbMod\u00e8les\u00a0\u00bb descript=\u00a0\u00bbTROUVEZ CE QUI VOUS CONVIENT\u00a0\u00bb style=\u00a0\u00bbheading-style1&Prime; subtitle=\u00a0\u00bbLatest\u00a0\u00bb][pbr_productcategory category=\u00a0\u00bbhome-fr\u00a0\u00bb number=\u00a0\u00bb16&Prime; columns_count=\u00a0\u00bb4&Prime;][\/vc_column][\/vc_row][vc_row parallax=\u00a0\u00bb1&Prime; parallax_image=\u00a0\u00bb7886&Prime; css=\u00a0\u00bb.vc_custom_1550759451447{padding-top: 170px !important;padding-bottom: 170px !important;}\u00a0\u00bb][vc_column][vc_column_text]<\/p>\n<h2 class=\"text-white text-big-3\">Offrez un service dans l\u2019air du temps<br \/>\nentreprise \u00e0 niveau<\/h2>\n<p class=\"text-white text-big-2 space-20\">Avec un \u00e9quipement innovant<\/p>\n<p><a class=\"btn btn-lg btn-default\" href=\"https:\/\/www.youtube.com\/watch?v=JzEXKord7eE&amp;t\" target=\"_blank\" rel=\"noopener\">REGARDEZ LE SPOT PROMO<\/a>[\/vc_column_text][\/vc_column][\/vc_row][vc_row isfullwidth=\u00a0\u00bb0&Prime; css=\u00a0\u00bb.vc_custom_1550760026213{margin-top: 60px !important;}\u00a0\u00bb][vc_column el_class=\u00a0\u00bbarea-gallery\u00a0\u00bb][pbr_title_heading title=\u00a0\u00bbGalerie\u00a0\u00bb descript=\u00a0\u00bbEXEMPLES DE PROJETS\u00a0\u00bb style=\u00a0\u00bbheading-style1&Prime; subtitle=\u00a0\u00bbLatest\u00a0\u00bb][vc_gallery type=\u00a0\u00bbimage_grid\u00a0\u00bb images=\u00a0\u00bb8698,8699,8691,8690,8206,8071,8069,8066,8065,8061,7273,7290,7268,7264,7261&Prime; img_size=\u00a0\u00bbfull\u00a0\u00bb][pbr_title_heading title=\u00a0\u00bbTrusted By\u00a0\u00bb descript=\u00a0\u00bbsome of our clients\u00a0\u00bb style=\u00a0\u00bbheading-style1&Prime; subtitle=\u00a0\u00bbLatest\u00a0\u00bb][vc_images_carousel images=\u00a0\u00bb7723,7725,8209,7724,7748,8216,8217,8211,8218,8210,7741,8212,7721,7747,7734,7750,7751,8214,7752,8215,7753,7755,8213,7756,7764,7763,7762,7761,7760,7759&Prime; img_size=\u00a0\u00bbfull\u00a0\u00bb onclick=\u00a0\u00bblink_no\u00a0\u00bb speed=\u00a0\u00bb2000&Prime; slides_per_view=\u00a0\u00bb6&Prime; autoplay=\u00a0\u00bbyes\u00a0\u00bb hide_pagination_control=\u00a0\u00bbyes\u00a0\u00bb wrap=\u00a0\u00bbyes\u00a0\u00bb el_class=\u00a0\u00bbpc-carousel\u00a0\u00bb][vc_images_carousel images=\u00a0\u00bb7725,8218,7723,7724,8216,7748,7741,8211,8215,8213,8214,7721,8210,8217,7751,7752,8212,7750,7753,7756,7747,8209,7734,7764,7763,7762,7761,7760,7759,7755&Prime; img_size=\u00a0\u00bbfull\u00a0\u00bb onclick=\u00a0\u00bblink_no\u00a0\u00bb speed=\u00a0\u00bb2000&Prime; slides_per_view=\u00a0\u00bb2&Prime; autoplay=\u00a0\u00bbyes\u00a0\u00bb hide_pagination_control=\u00a0\u00bbyes\u00a0\u00bb wrap=\u00a0\u00bbyes\u00a0\u00bb el_class=\u00a0\u00bbmobile-carousel\u00a0\u00bb][\/vc_column][\/vc_row]<\/p>\n","protected":false},"excerpt":{"rendered":"<p>[vc_row isfullwidth=\u00a0\u00bb0&Prime;][vc_column el_class=\u00a0\u00bbarea-home\u00a0\u00bb][rev_slider_vc alias=\u00a0\u00bbMarket-fullwidth-slide\u00a0\u00bb][\/vc_column][\/vc_row][vc_row css=\u00a0\u00bb.vc_custom_1451496643697{padding-top: 20px !important;padding-bottom: 50px !important;}\u00a0\u00bb][vc_column el_class=\u00a0\u00bbarea-overview\u00a0\u00bb][pbr_title_heading title=\u00a0\u00bbPr\u00e9sentation\u00a0\u00bb descript=\u00a0\u00bbINFORMATIONS G\u00c9N\u00c9RALES\u00a0\u00bb style=\u00a0\u00bbheading-style1&Prime; subtitle=\u00a0\u00bbShop\u00a0\u00bb][vc_row_inner][vc_column_inner width=\u00a0\u00bb1\/3&Prime;][vc_column_text] Power Up Spot\u00ae La premi\u00e8re solution de recharge professionnelle pour les caf\u00e9s, les bars, les restaurants, les h\u00f4tels, les salons de beaut\u00e9 et les autres entreprises. Id\u00e9al pour tous les lieux o\u00f9 les clients consacrent du temps en profitant &hellip; <a href=\"https:\/\/powerupspot.com\/fr\/\" class=\"more-link\">Continue reading <span class=\"screen-reader-text\">Power Up Spot\u00ae<\/span><span class=\"meta-nav\">&rarr;<\/span><\/a><\/p>\n","protected":false},"author":1,"featured_media":0,"parent":0,"menu_order":0,"comment_status":"closed","ping_status":"closed","template":"","meta":[],"_links":{"self":[{"href":"https:\/\/powerupspot.com\/fr\/wp-json\/wp\/v2\/pages\/7534"}],"collection":[{"href":"https:\/\/powerupspot.com\/fr\/wp-json\/wp\/v2\/pages"}],"about":[{"href":"https:\/\/powerupspot.com\/fr\/wp-json\/wp\/v2\/types\/page"}],"author":[{"embeddable":true,"href":"https:\/\/powerupspot.com\/fr\/wp-json\/wp\/v2\/users\/1"}],"replies":[{"embeddable":true,"href":"https:\/\/powerupspot.com\/fr\/wp-json\/wp\/v2\/comments?post=7534"}],"version-history":[{"count":55,"href":"https:\/\/powerupspot.com\/fr\/wp-json\/wp\/v2\/pages\/7534\/revisions"}],"predecessor-version":[{"id":8738,"href":"https:\/\/powerupspot.com\/fr\/wp-json\/wp\/v2\/pages\/7534\/revisions\/8738"}],"wp:attachment":[{"href":"https:\/\/powerupspot.com\/fr\/wp-json\/wp\/v2\/media?parent=7534"}],"curies":[{"name":"wp","href":"https:\/\/api.w.org\/{rel}","templated":true}]}}