{"id":7568,"date":"2017-11-04T16:19:31","date_gmt":"2017-11-04T14:19:31","guid":{"rendered":"http:\/\/caferestopowerbank.com\/?post_type=product&#038;p=7568"},"modified":"2019-09-30T17:06:45","modified_gmt":"2019-09-30T14:06:45","slug":"misty-white-20000mah","status":"publish","type":"product","link":"https:\/\/powerupspot.com\/fr\/product\/misty-white-20000mah\/","title":{"rendered":"MISTY WHITE 20000mAh"},"content":{"rendered":"<div class=\"item-description row \">\n<div class=\"col-md-4\">\n<h3 class=\"title-heading\">Informations<\/h3>\n<\/div>\n<div class=\"col-md-8\">\n<p>Le produit est livr\u00e9 pr\u00eat comme indiqu\u00e9 sur l&rsquo;image, personnalis\u00e9 avec votre logo. Il est fabriqu\u00e9 en bois et plexiglas avec plusieurs proc\u00e9d\u00e9s de finition et int\u00e8gre le bloc d\u2019alimentation hautes performances d\u2019une capacit\u00e9 de 20.000mAh.<\/p>\n<p>Il a deux c\u00e2bles triple t\u00eate (lightning\/micro USB\/type-C) adapt\u00e9es \u00e0 une recharge simultan\u00e9e de deux appareils<\/p>\n<p>Ces batteries se rechargent lorsqu&rsquo;elles sont \u00e9puis\u00e9es avec un adaptateur (id\u00e9alement 2.1A) vendu s\u00e9par\u00e9ment. Les chargeurs dot\u00e9s de ports 2xUSB et 5xUSB sont disponibles pour charger 2 ou 5 Power Up Spots\u00ae en m\u00eame temps.<\/p>\n<\/div>\n<\/div>\n<div class=\"item-description row\">\n<div class=\"col-md-4\">\n<h3 class=\"title-heading\">Caract\u00e9ristiques techniques<\/h3>\n<\/div>\n<div class=\"col-md-8\">\n<table class=\"table table-bordered\">\n<tbody>\n<tr class=\"\">\n<th><strong>Certifications<\/strong>:<\/th>\n<td>CE, FCC &amp; RoHS<\/td>\n<\/tr>\n<tr class=\"\">\n<th>Il peut recharger:<\/th>\n<td>Smartphone et Tablettes (avec port lightning. Type-C et micro-USB) \/ Cameras num\u00e9riques \/ MP3 \/ MP4 \/ Consoles portables comme le PSP \/ Cigarettes \u00e9lectroniques \/ Divers appareils avec tension de charge DC 5V<\/td>\n<\/tr>\n<tr class=\"\">\n<th>C\u00e2bles \/ Sortie de charge:<\/th>\n<td>2 c\u00e2bles de charge triple (micro USB \/ Lightning \/ Type-C) pour couvrir tous les appareils Apple avec port Lightning et tous les appareils restants avec port micro USB ou Type-C et courant 5V.<\/td>\n<\/tr>\n<tr class=\"\">\n<th>Capacit\u00e9 de batterie:<\/th>\n<td>20.000mAh ( il suffit pour 7 recharges compl\u00e8tes de smartphones 2000mAh ou pour jusqu\u2019\u00e0 14 recharges de 50%)<\/td>\n<\/tr>\n<tr class=\"\">\n<th>Type de batterie:<\/th>\n<td>Li-Ion (lithium-polymer)<\/td>\n<\/tr>\n<tr class=\"\">\n<th>Dimensions:<\/th>\n<td>Corps: 11 x 22.5cm \/ Base: 13.5cm x 9cm<\/td>\n<\/tr>\n<tr class=\"\">\n<th>Poids:<\/th>\n<td>850gr<\/td>\n<\/tr>\n<tr class=\"\">\n<th>Temps de recharge compl\u00e8te:<\/th>\n<td>20.000mAh \u2248 12 heures (avec un chargeur USB 2,1A)<\/td>\n<\/tr>\n<tr class=\"\">\n<th>Cycle de charge de la batterie:<\/th>\n<td>Plus de 500 recharges<\/td>\n<\/tr>\n<tr class=\"\">\n<th>Mode de recharge:<\/th>\n<td>Avec un chargeur USB 2,1A comme pour les smartphones et les tablettes (non inclus \/ vendus s\u00e9par\u00e9ment)<\/td>\n<\/tr>\n<tr class=\"\">\n<th>Indicateur de niveau:<\/th>\n<td>Indicateur de niveau de batterie LED<\/td>\n<\/tr>\n<tr class=\"\">\n<th>Tension d\u2019entr\u00e9e:<\/th>\n<td>DC 5V \/ 2,1A Max<\/td>\n<\/tr>\n<tr class=\"\">\n<th>Tension de sortie:<\/th>\n<td>DC 5V \/ 2,1A Max &amp; DC 5V \/ 1A Max<\/td>\n<\/tr>\n<tr class=\"\">\n<th>Intensit\u00e9 totale du courant pour une recharge simultan\u00e9e:<\/th>\n<td>DC 5V \/ 2,1\u0391<\/td>\n<\/tr>\n<tr class=\"\">\n<th>Garantie:<\/th>\n<td>12 mois de garantie de la batterie<\/td>\n<\/tr>\n<\/tbody>\n<\/table>\n<\/div>\n<\/div>\n<div class=\"item-description row\">\n<div class=\"col-md-4\">\n<h3 class=\"title-heading\">Accessoires<\/h3>\n<\/div>\n<div class=\"col-md-8\">\n<p>Lorsque les batteries sont d\u00e9charg\u00e9es, le chargement des Powerbanks se fait avec un adaptateur 2.1A, tel qu\u2019un adaptateur smartphone ou tablette (l\u2019utilisation d\u2019un adaptateur 1A ralentira consid\u00e9rablement le chargement du Powerbank). Attention, la charge ne peut pas \u00eatre effectu\u00e9e via le port USB d&rsquo;un ordinateur portable en raison d&rsquo;une alimentation insuffisante.<\/p>\n<p>Un adaptateur de charge 2xUSB ou 5xUSB est disponible en tant que produit suppl\u00e9mentaire pour recharger respectivement 2 ou 5 Power Up Spots\u00ae.<\/p>\n<p><img decoding=\"async\" loading=\"lazy\" class=\"alignnone wp-image-8186 size-full\" src=\"http:\/\/s3.eu-central-1.amazonaws.com\/images.caferestopowerbank.com\/wp\/wp-content\/uploads\/2017\/11\/22225257\/charging-accessories-power-up-spot.jpg\" alt=\"\" width=\"1000\" height=\"471\" \/><\/p>\n<\/div>\n<\/div>\n<div class=\"item-description row\">\n<div class=\"col-md-4\">\n<h3 class=\"title-heading\">Personnalisation<\/h3>\n<\/div>\n<div class=\"col-md-8\">\n<p>On offre la possibilit\u00e9 de personnaliser les Power Up Spot\u00ae avec les logos de votre entreprise et de sponsors ou avec toute conception artistique que vous souhaitez. Il y a deux choix.<\/p>\n<p><img decoding=\"async\" loading=\"lazy\" class=\"alignnone wp-image-8195 size-full\" src=\"http:\/\/s3.eu-central-1.amazonaws.com\/images.caferestopowerbank.com\/wp\/wp-content\/uploads\/2017\/11\/22232837\/power-up-spot-customization-misty-white.jpg\" alt=\"\" width=\"1000\" height=\"471\" \/><\/p>\n<\/div>\n<\/div>\n<div class=\"item-description row\">\n<div class=\"col-md-4\">\n<h3 class=\"title-heading\">Syst\u00e8me antivol<\/h3>\n<\/div>\n<div class=\"col-md-8\">\n<p>Syst\u00e8me antivol avec un c\u00e2ble \u2013 fil 40cm. Il est plac\u00e9 \u00e0 la base des Power Up Spot\u00ae en l\u2019enroulant et le fixant, alors que l\u2019autre c\u00f4t\u00e9 du syst\u00e8me antivol (Verrou) a un ruban de 3M pour fixation sur la table.<\/p>\n<p>Le cadenas sp\u00e9cial permet l\u2019ouverture et transfert facile du Powerbank \u00e0 un autre point ou au point de recharge. Pour vous faciliter, on fournit une cl\u00e9 commune pour chaque dix objets.<\/p>\n<p><img decoding=\"async\" loading=\"lazy\" class=\"alignnone size-full wp-image-8354\" src=\"http:\/\/s3.eu-central-1.amazonaws.com\/images.caferestopowerbank.com\/wp\/wp-content\/uploads\/2018\/10\/23181329\/anti-theft-locker-power-up-spot-tabletop-charging-solution-bar-restaurants.jpg\" alt=\"\" width=\"1000\" height=\"471\" \/><\/p>\n<p>&nbsp;<\/p>\n<\/div>\n<\/div>\n","protected":false},"excerpt":{"rendered":"<p>Chargeur de table Power Up Spot\u00ae Misty White 20.000mAh. Id\u00e9al pour CAHORE, tourisme et autres lieux de prestations de services et de produits.<\/p>\n<p>Con\u00e7u pour les caf\u00e9s, restaurants, bars, h\u00f4tels, salons de beaut\u00e9 et de coiffure, conf\u00e9rences,\u00a0les docteurs, agences de jeux d\u2019argent et de hasard etc.<\/p>\n<p>Il peut \u00eatre plac\u00e9 n\u2019importe o\u00f9, sans avoir besoin de courant ou de processus d\u2019installation. Il est facilement transportable de table \u00e0 table.<\/p>\n","protected":false},"featured_media":8315,"comment_status":"open","ping_status":"closed","template":"","meta":[],"product_cat":[180],"product_tag":[],"_links":{"self":[{"href":"https:\/\/powerupspot.com\/fr\/wp-json\/wp\/v2\/product\/7568"}],"collection":[{"href":"https:\/\/powerupspot.com\/fr\/wp-json\/wp\/v2\/product"}],"about":[{"href":"https:\/\/powerupspot.com\/fr\/wp-json\/wp\/v2\/types\/product"}],"replies":[{"embeddable":true,"href":"https:\/\/powerupspot.com\/fr\/wp-json\/wp\/v2\/comments?post=7568"}],"wp:featuredmedia":[{"embeddable":true,"href":"https:\/\/powerupspot.com\/fr\/wp-json\/wp\/v2\/media\/8315"}],"wp:attachment":[{"href":"https:\/\/powerupspot.com\/fr\/wp-json\/wp\/v2\/media?parent=7568"}],"wp:term":[{"taxonomy":"product_cat","embeddable":true,"href":"https:\/\/powerupspot.com\/fr\/wp-json\/wp\/v2\/product_cat?post=7568"},{"taxonomy":"product_tag","embeddable":true,"href":"https:\/\/powerupspot.com\/fr\/wp-json\/wp\/v2\/product_tag?post=7568"}],"curies":[{"name":"wp","href":"https:\/\/api.w.org\/{rel}","templated":true}]}}