{"id":8198,"date":"2016-02-22T23:38:37","date_gmt":"2016-02-22T21:38:37","guid":{"rendered":"http:\/\/powerupspot.com\/?post_type=product&#038;p=8198"},"modified":"2019-09-30T19:05:13","modified_gmt":"2019-09-30T16:05:13","slug":"chargeur-2xusb","status":"publish","type":"product","link":"https:\/\/powerupspot.com\/fr\/product\/chargeur-2xusb\/","title":{"rendered":"2xUSB 2,1A Chargeur pour recharger Power Up Spot\u00ae"},"content":{"rendered":"","protected":false},"excerpt":{"rendered":"<p>Chargez jusqu&rsquo;\u00e0 2 Power Up Spot\u00ae en m\u00eame temps avec le chargeur de prises 2xUSB.<\/p>\n<p>Pour charger plus rapidement, chargez 1 Power Up Spot\u00ae \u00e0 la fois.<\/p>\n<p>Le chargeur est fabriqu\u00e9 \u00e0 partir de mat\u00e9riaux de haute qualit\u00e9 et ses circuits internes sont caract\u00e9ris\u00e9s par les syst\u00e8mes de s\u00e9curit\u00e9 suivants:<\/p>\n<ul>\n<li>Protection contre les surtensions<\/li>\n<li>Protection contre les courts-circuits<\/li>\n<li>Protection contre les surcharges<\/li>\n<li>Protection contre les surcharges<\/li>\n<li>Protection haute temp\u00e9rature<\/li>\n<li>Protection de tension<\/li>\n<li>Protection contre les surtensions de sortie<\/li>\n<\/ul>\n","protected":false},"featured_media":8411,"comment_status":"open","ping_status":"closed","template":"","meta":[],"product_cat":[180],"product_tag":[],"_links":{"self":[{"href":"https:\/\/powerupspot.com\/fr\/wp-json\/wp\/v2\/product\/8198"}],"collection":[{"href":"https:\/\/powerupspot.com\/fr\/wp-json\/wp\/v2\/product"}],"about":[{"href":"https:\/\/powerupspot.com\/fr\/wp-json\/wp\/v2\/types\/product"}],"replies":[{"embeddable":true,"href":"https:\/\/powerupspot.com\/fr\/wp-json\/wp\/v2\/comments?post=8198"}],"wp:featuredmedia":[{"embeddable":true,"href":"https:\/\/powerupspot.com\/fr\/wp-json\/wp\/v2\/media\/8411"}],"wp:attachment":[{"href":"https:\/\/powerupspot.com\/fr\/wp-json\/wp\/v2\/media?parent=8198"}],"wp:term":[{"taxonomy":"product_cat","embeddable":true,"href":"https:\/\/powerupspot.com\/fr\/wp-json\/wp\/v2\/product_cat?post=8198"},{"taxonomy":"product_tag","embeddable":true,"href":"https:\/\/powerupspot.com\/fr\/wp-json\/wp\/v2\/product_tag?post=8198"}],"curies":[{"name":"wp","href":"https:\/\/api.w.org\/{rel}","templated":true}]}}