{"id":8201,"date":"2016-02-22T23:21:46","date_gmt":"2016-02-22T21:21:46","guid":{"rendered":"http:\/\/powerupspot.com\/?post_type=product&#038;p=8201"},"modified":"2021-06-09T12:11:39","modified_gmt":"2021-06-09T09:11:39","slug":"chargeur-5xusb","status":"publish","type":"product","link":"https:\/\/powerupspot.com\/fr\/product\/chargeur-5xusb\/","title":{"rendered":"Chargeur 6xUSB 9A pour recharger Power Up Spot\u00ae"},"content":{"rendered":"","protected":false},"excerpt":{"rendered":"<p>Chargez jusqu\u2019\u00e0 6 Power Up Spot\u00ae en m\u00eame temps avec le chargeur de prises 6xUSB.<\/p>\n<p>Le chargeur est fabriqu\u00e9 \u00e0 partir de mat\u00e9riaux de haute qualit\u00e9 et ses circuits internes sont caract\u00e9ris\u00e9s par les syst\u00e8mes de s\u00e9curit\u00e9 suivants:<\/p>\n<ul>\n<li>Protection contre les surtensions<\/li>\n<li>Protection contre les courts-circuits<\/li>\n<li>Protection contre les surcharges<\/li>\n<li>Protection contre les surcharges<\/li>\n<li>Protection haute temp\u00e9rature<\/li>\n<li>Protection de tension<\/li>\n<li>Protection contre les surtensions de sortie<\/li>\n<\/ul>\n","protected":false},"featured_media":8669,"comment_status":"open","ping_status":"closed","template":"","meta":[],"product_cat":[180],"product_tag":[],"_links":{"self":[{"href":"https:\/\/powerupspot.com\/fr\/wp-json\/wp\/v2\/product\/8201"}],"collection":[{"href":"https:\/\/powerupspot.com\/fr\/wp-json\/wp\/v2\/product"}],"about":[{"href":"https:\/\/powerupspot.com\/fr\/wp-json\/wp\/v2\/types\/product"}],"replies":[{"embeddable":true,"href":"https:\/\/powerupspot.com\/fr\/wp-json\/wp\/v2\/comments?post=8201"}],"wp:featuredmedia":[{"embeddable":true,"href":"https:\/\/powerupspot.com\/fr\/wp-json\/wp\/v2\/media\/8669"}],"wp:attachment":[{"href":"https:\/\/powerupspot.com\/fr\/wp-json\/wp\/v2\/media?parent=8201"}],"wp:term":[{"taxonomy":"product_cat","embeddable":true,"href":"https:\/\/powerupspot.com\/fr\/wp-json\/wp\/v2\/product_cat?post=8201"},{"taxonomy":"product_tag","embeddable":true,"href":"https:\/\/powerupspot.com\/fr\/wp-json\/wp\/v2\/product_tag?post=8201"}],"curies":[{"name":"wp","href":"https:\/\/api.w.org\/{rel}","templated":true}]}}