{"id":8202,"date":"2016-02-22T22:18:18","date_gmt":"2016-02-22T20:18:18","guid":{"rendered":"http:\/\/powerupspot.com\/?post_type=product&#038;p=8202"},"modified":"2020-12-08T18:26:36","modified_gmt":"2020-12-08T16:26:36","slug":"systeme-antivol","status":"publish","type":"product","link":"https:\/\/powerupspot.com\/fr\/product\/systeme-antivol\/","title":{"rendered":"SYST\u00c8ME ANTIVOL 40CM AVEC UNE CL\u00c8"},"content":{"rendered":"","protected":false},"excerpt":{"rendered":"<p>C\u00e2ble m\u00e9tallique de 40 cm recouvert de plastique noir avec un syst\u00e8me de verrouillage sp\u00e9cial plac\u00e9 sur la table ou sur toute autre surface lisse telle que le m\u00e9tal, le marbre, etc. Se verrouille et se d\u00e9verrouille facilement \u00e0 l&rsquo;aide d&rsquo;une cl\u00e9 pouvant contenir jusqu&rsquo;\u00e0 10 pi\u00e8ces.<\/p>\n<p>Lorsque vous d\u00e9verrouillez le verrou pour d\u00e9placer le Power Up Spot\u00ae (par exemple, pour le d\u00e9placer sur une autre table ou pour le charger), seul le connecteur noir rond, d&rsquo;\u00e9paisseur minimale et qui ne l&#8217;emp\u00eache pas, est plac\u00e9 sur la table.<\/p>\n<p>Solution id\u00e9ale et \u00e9conomique pour l&rsquo;assurance de produits dans des espaces ext\u00e9rieurs ou tr\u00e8s grands.<\/p>\n","protected":false},"featured_media":8417,"comment_status":"open","ping_status":"closed","template":"","meta":[],"product_cat":[180],"product_tag":[],"_links":{"self":[{"href":"https:\/\/powerupspot.com\/fr\/wp-json\/wp\/v2\/product\/8202"}],"collection":[{"href":"https:\/\/powerupspot.com\/fr\/wp-json\/wp\/v2\/product"}],"about":[{"href":"https:\/\/powerupspot.com\/fr\/wp-json\/wp\/v2\/types\/product"}],"replies":[{"embeddable":true,"href":"https:\/\/powerupspot.com\/fr\/wp-json\/wp\/v2\/comments?post=8202"}],"wp:featuredmedia":[{"embeddable":true,"href":"https:\/\/powerupspot.com\/fr\/wp-json\/wp\/v2\/media\/8417"}],"wp:attachment":[{"href":"https:\/\/powerupspot.com\/fr\/wp-json\/wp\/v2\/media?parent=8202"}],"wp:term":[{"taxonomy":"product_cat","embeddable":true,"href":"https:\/\/powerupspot.com\/fr\/wp-json\/wp\/v2\/product_cat?post=8202"},{"taxonomy":"product_tag","embeddable":true,"href":"https:\/\/powerupspot.com\/fr\/wp-json\/wp\/v2\/product_tag?post=8202"}],"curies":[{"name":"wp","href":"https:\/\/api.w.org\/{rel}","templated":true}]}}