{"id":8204,"date":"2016-02-22T22:20:59","date_gmt":"2016-02-22T20:20:59","guid":{"rendered":"http:\/\/powerupspot.com\/?post_type=product&#038;p=8204"},"modified":"2019-02-23T20:55:13","modified_gmt":"2019-02-23T18:55:13","slug":"personnalisation","status":"publish","type":"product","link":"https:\/\/powerupspot.com\/fr\/product\/personnalisation\/","title":{"rendered":"PERSONNALISATION AVEC VOTRE LOGO (co\u00fbt fixe pour 1 \u00e0 10 articles)"},"content":{"rendered":"","protected":false},"excerpt":{"rendered":"<p>Power Up Spot\u00ae peut \u00eatre personnalis\u00e9 avec votre logo ou n&rsquo;importe quelle \u0153uvre d&rsquo;art.<\/p>\n<p>Vous pouvez nous envoyer votre cr\u00e9ation en dimension 11 \u00d7 21,5cm, PDF 300dpi ou nous envoyer votre logo avec la meilleure r\u00e9solution possible et nous pr\u00e9parerons le mod\u00e8le pour vous (email: greece@powerupspot.com).<\/p>\n<p>L&rsquo;impression \u00e0 l&rsquo;int\u00e9rieur du plexiglas cr\u00e9e un r\u00e9sultat final impressionnant.<\/p>\n<p>Veuillez noter que Crystal Clear peut \u00eatre personnalis\u00e9 des deux c\u00f4t\u00e9s, tandis que le noir de jais, le blanc brumeux et le bois naturel peuvent \u00eatre personnalis\u00e9s d\u2019un c\u00f4t\u00e9.<\/p>\n<p><em>* Des frais d&rsquo;impression minimum fixes s&rsquo;appliquent pour 1 \u00e0 10 articles.\u00a0Chaque pi\u00e8ce suppl\u00e9mentaire au-del\u00e0 de 10, co\u00fbte 2\u20ac.<\/em><\/p>\n","protected":false},"featured_media":7997,"comment_status":"open","ping_status":"closed","template":"","meta":[],"product_cat":[180],"product_tag":[],"_links":{"self":[{"href":"https:\/\/powerupspot.com\/fr\/wp-json\/wp\/v2\/product\/8204"}],"collection":[{"href":"https:\/\/powerupspot.com\/fr\/wp-json\/wp\/v2\/product"}],"about":[{"href":"https:\/\/powerupspot.com\/fr\/wp-json\/wp\/v2\/types\/product"}],"replies":[{"embeddable":true,"href":"https:\/\/powerupspot.com\/fr\/wp-json\/wp\/v2\/comments?post=8204"}],"wp:featuredmedia":[{"embeddable":true,"href":"https:\/\/powerupspot.com\/fr\/wp-json\/wp\/v2\/media\/7997"}],"wp:attachment":[{"href":"https:\/\/powerupspot.com\/fr\/wp-json\/wp\/v2\/media?parent=8204"}],"wp:term":[{"taxonomy":"product_cat","embeddable":true,"href":"https:\/\/powerupspot.com\/fr\/wp-json\/wp\/v2\/product_cat?post=8204"},{"taxonomy":"product_tag","embeddable":true,"href":"https:\/\/powerupspot.com\/fr\/wp-json\/wp\/v2\/product_tag?post=8204"}],"curies":[{"name":"wp","href":"https:\/\/api.w.org\/{rel}","templated":true}]}}