{"id":8492,"date":"2017-09-24T13:36:46","date_gmt":"2017-09-24T10:36:46","guid":{"rendered":"http:\/\/powerupspot.com\/power-up-spot\/"},"modified":"2020-11-02T18:29:06","modified_gmt":"2020-11-02T16:29:06","slug":"power-up-spot","status":"publish","type":"page","link":"https:\/\/powerupspot.com\/hr\/","title":{"rendered":"Power Up Spot\u00ae"},"content":{"rendered":"<p>[vc_row isfullwidth=&#8221;0&#8243;][vc_column el_class=&#8221;area-home&#8221;][rev_slider_vc alias=&#8221;home-slider-croatian&#8221;][\/vc_column][\/vc_row][vc_row css=&#8221;.vc_custom_1451496643697{padding-top: 20px !important;padding-bottom: 50px !important;}&#8221;][vc_column el_class=&#8221;area-overview&#8221;][pbr_title_heading title=&#8221;Pregled&#8221; descript=&#8221;OPIS PROIZVODA&#8221; style=&#8221;heading-style1&#8243; subtitle=&#8221;Shop&#8221;][vc_row_inner][vc_column_inner width=&#8221;1\/3&#8243;][vc_column_text]<\/p>\n<h4>Power Up Spot\u00ae<\/h4>\n<p>Power Up Spot\u00ae je prvo profesionalno i samostalno rje\u0161enje sa 100%-om personalizacijom! Dizajniran da slu\u017ei 3 razli\u010dite publike, sa jednim proizvodom: javnost, prostori i brandovi!<\/p>\n<p>Idealan za sve profesionalne prostore kao \u0161to su: kafi\u0107i, restorani, hoteli, konferencijske dvorane i druge doga\u0111aje, klinike i ostale prostore gdje javnost u\u017eiva u proizvodima i uslugama.<\/p>\n<p>U\u010dinkovito funkcionira kao inovativni marketin\u0161ki alat, promoviraju\u0107i proizvode i usluge na \u017eeljenim mjestima.<\/p>\n<p>Najrasprostanjenije rje\u0161enje za punjenje ure\u0111aja kao \u0161to su: pametni telefoni i tableti bez potrebe za zidnim punja\u010dem ili nekim oblikom instalacije. Posebno dizajniran kabel koji podr\u017eava sve mobilne ure\u0111aje.<\/p>\n<p>Patentirani proizvod | Proizvedeno u Gr\u010dkoj[\/vc_column_text][\/vc_column_inner][vc_column_inner width=&#8221;1\/3&#8243;][vc_single_image image=&#8221;8269&#8243; img_size=&#8221;full&#8221;][\/vc_column_inner][vc_column_inner width=&#8221;1\/3&#8243;][vc_column_text]<\/p>\n<h4>Glavne Karakteristike<\/h4>\n<ul class=\"list-unstyled list-circle\">\n<li>Mo\u017ee bit smje\u0161ten u svaki prostor, bez instalacije te bez potrebe za stalnim izvorom energrije.<\/li>\n<li>Mo\u017ee brzo puniti 5V ure\u0111aje kao \u0161to su pametni telefoni, tableti, digitalne fotoaparate itd.<\/li>\n<li>Kapacitet baterije od 20.000mAh, dovoljno za \u224814 polovi\u010dnih punjenja 7-8 ure\u0111aja prosje\u010dnog kapaciteta od 2500mAh (ovisi o kapacitetu baterije ure\u0111aja)<\/li>\n<li>Dolazi uz dva kabela sa tri razli\u010dita izlaza (Lightning \/ micro-USB \/ USB Type-C) te mo\u017ee puniti dva ure\u0111aja istovremeno.<\/li>\n<li>Kada je baterija ispra\u017enjena lako se napuni pomo\u0107u USB priklju\u010dka (idealno 2.1A)<\/li>\n<li>Mogu\u0107nost personalizacije sa razli\u010ditim dizajnom<\/li>\n<\/ul>\n<p>[\/vc_column_text][\/vc_column_inner][\/vc_row_inner][vc_row_inner][vc_column_inner width=&#8221;1\/3&#8243;][\/vc_column_inner][vc_column_inner width=&#8221;1\/3&#8243;][vc_btn title=&#8221;PO\u0160ALJITE UPIT&#8221; style=&#8221;custom&#8221; custom_background=&#8221;#e43636&#8243; custom_text=&#8221;#ffffff&#8221; shape=&#8221;square&#8221; size=&#8221;lg&#8221; align=&#8221;center&#8221; link=&#8221;url:%23contact|||&#8221; button_block=&#8221;true&#8221; el_class=&#8221;mycalltoaction&#8221; css=&#8221;.vc_custom_1583679590795{background-position: 0 0 !important;background-repeat: no-repeat !important;}&#8221;][\/vc_column_inner][vc_column_inner width=&#8221;1\/3&#8243;][\/vc_column_inner][\/vc_row_inner][\/vc_column][\/vc_row][vc_row css=&#8221;.vc_custom_1570638383776{padding-top: 20px !important;padding-bottom: 50px !important;}&#8221; el_id=&#8221;hide-some-coutries&#8221;][vc_column el_class=&#8221;area-overview&#8221;][pbr_title_heading title=&#8221;Nabavite svoj u 3 koraka&#8221; style=&#8221;heading-style1&#8243; subtitle=&#8221;Shop&#8221;][vc_row_inner][vc_column_inner width=&#8221;3\/12&#8243;][pbr_featuredbox title=&#8221;Po\u0161aljite nam Va\u0161 logotip&#8221; style=&#8221;default&#8221; title_align=&#8221;separator_align_center&#8221; icon=&#8221;fa fa-battery-quarter&#8221; information=&#8221;Po\u0161aljite nam Va\u0161 logotip na croatia@poweupspot.com, uklju\u010dite sve elemente koji su Vam potrebni za izradu pripreme kao \u0161to je Web stranica, socijalne mre\u017ee itd.&#8221;][\/vc_column_inner][vc_column_inner width=&#8221;1\/12&#8243;][pbr_featuredbox style=&#8221;default&#8221; title_align=&#8221;separator_align_center&#8221; icon=&#8221;fa fa-angle-right&#8221; information=&#8221;&#8221;][\/vc_column_inner][vc_column_inner width=&#8221;4\/12&#8243;][pbr_featuredbox title=&#8221;Priprema dizajna&#8221; style=&#8221;default&#8221; title_align=&#8221;separator_align_center&#8221; icon=&#8221;fa fa-battery-half&#8221; information=&#8221;Mi \u0107emo izraditi pripremu Va\u0161eg dizajna i 3D prikaz Va\u0161eg Power Up Spot-a u roku od 48 radnih sati &#8211; bez naknade.&#8221;][\/vc_column_inner][vc_column_inner width=&#8221;1\/12&#8243;][pbr_featuredbox style=&#8221;default&#8221; title_align=&#8221;separator_align_center&#8221; icon=&#8221;fa fa-angle-right&#8221; information=&#8221;&#8221;][\/vc_column_inner][vc_column_inner width=&#8221;3\/12&#8243;][pbr_featuredbox title=&#8221;Proizvodnja i Dostava&#8221; style=&#8221;default&#8221; title_align=&#8221;separator_align_center&#8221; icon=&#8221;fa fa-battery-full&#8221; information=&#8221;Par dana nakon potvrde Va\u0161e narud\u017ebe zavr\u0161avamo proizvodnju i \u0161aljemo proizvod na Va\u0161u adresu.&#8221;][\/vc_column_inner][\/vc_row_inner][\/vc_column][\/vc_row][vc_row full_width=&#8221;stretch_row_content_no_spaces&#8221; isfullwidth=&#8221;0&#8243;][vc_column el_class=&#8221;area-features&#8221;][rev_slider_vc alias=&#8221;elements-cr&#8221; el_class=&#8221;hide-mobile&#8221;][\/vc_column][\/vc_row][vc_row css=&#8221;.vc_custom_1451895709869{padding-top: 30px !important;padding-bottom: 50px !important;}&#8221;][vc_column el_class=&#8221;area-models&#8221;][pbr_title_heading title=&#8221;Verzije&#8221; descript=&#8221;PRONA\u0110ITE URE\u0110AJ KOJI ODGOVARA VA\u0160EM POSLOVANJU&#8221; style=&#8221;heading-style1&#8243; subtitle=&#8221;Latest&#8221;][pbr_productcategory category=&#8221;home-hr&#8221; number=&#8221;12&#8243; columns_count=&#8221;4&#8243;][\/vc_column][\/vc_row][vc_row isfullwidth=&#8221;0&#8243; css=&#8221;.vc_custom_1556898380477{margin-top: 0px !important;margin-bottom: 40px !important;}&#8221;][vc_column][pbr_title_heading title=&#8221;Dizajn&#8221; descript=&#8221;PAMETNO I FUNKCIONALNO&#8221; style=&#8221;heading-style1&#8243; subtitle=&#8221;Latest&#8221;][pbr_designs design_title1=&#8221;Punite dva ure\u0111aja istovremeno&#8221; design_description1=&#8221;Mo\u017eete puniti dva ure\u0111aja istovremeno,<br \/>\njednako kao brzi punja\u010di!<br \/>\nJednostavno punjenje za pametne ure\u0111aje<br \/>\ni ostale 5V ure\u0111aje.<br \/>\n&#8221; design_image1=&#8221;8283&#8243; design_top_image1=&#8221;8283&#8243; design_title2=&#8221;Podr\u0161ka za punjenje tableta&#8221; design_description2=&#8221;Zahvaljuju\u0107i 2.1A izlazu i kapacitetu baterije od 20,000mAh<br \/>\nmo\u017ee puniti tablete.<br \/>\n&#8221; design_image2=&#8221;8284&#8243; design_top_image2=&#8221;8284&#8243; design_title3=&#8221;Jedini sa spiralnim kablom&#8221; design_description3=&#8221;Spiralni kabel \u010dine punjenje na javnim mjestima jednostavno.<br \/>\nRastezanjem vi\u0161e od 60cm omogu\u0107ava elegantno kori\u0161tenje<br \/>\ni pritom ne zauzima prostor.<br \/>\n&#8221; design_image3=&#8221;8287&#8243; design_top_image3=&#8221;8287&#8243; design_title4=&#8221;Odli\u010dna zavr\u0161na obrada&#8221; design_description4=&#8221;Izra\u0111en sa pa\u017enjom na detalje za odli\u010dan estetski do\u0111ivljaj.<br \/>\nUklapa se i daje dodatnu<br \/>\nvrijedost svakom prostoru<br \/>\n&#8221; design_image4=&#8221;8281&#8243; design_top_image4=&#8221;8281&#8243; design_title5=&#8221;Prilago\u0111en Vama&#8221; design_description5=&#8221;Potpuna mogu\u0107nost personalizacije sa svakim<br \/>\ndizajnom omogu\u0107ena je ispisom sa<br \/>\nunutarnje strane proizvoda.<br \/>\n&#8221; design_image5=&#8221;8282&#8243; design_top_image5=&#8221;8282&#8243; design_title6=&#8221;Jedan kabel &#8211; tri tipa izlaza&#8221; design_description6=&#8221;Svaki spiralni kabel ima tri izlaza<br \/>\n(Lightning \/ micro-USB \/ USB Type-C), tako da korisnik<br \/>\nmo\u017ee odabrati odgovaraju\u0107i izlaz<br \/>\nsa svoj ure\u0111aj.<br \/>\n&#8221; design_image6=&#8221;8286&#8243; design_top_image6=&#8221;8286&#8243; design_title7=&#8221;Anti-theft solution available&#8221; design_description7=&#8221;Anti-theft lock is available as an accessory<br \/>\nconsisting of wire covered with black plastic,<br \/>\nsmall locker with safety key and 3M sticking cap.&#8221; design_image7=&#8221;8285&#8243; design_top_image7=&#8221;8285&#8243; design_title8=&#8221;Bulk charging with 6xUSB adapter&#8221; design_description8=&#8221;Available as an accessory, 6 x USB,<br \/>\n7A current adapter, for fast charging<br \/>\nup to 6 Power Up Spots\u00ae at the same time.&#8221; design_image8=&#8221;8288&#8243; design_top_image8=&#8221;8288&#8243;][\/vc_column][\/vc_row][vc_row css=&#8221;.vc_custom_1555764832675{margin-top: 40px !important;padding-top: 60px !important;padding-bottom: 120px !important;background-image: url(https:\/\/s3.eu-central-1.amazonaws.com\/images.caferestopowerbank.com\/wp\/wp-content\/uploads\/2017\/09\/20154945\/power-up-spot-table-top-advertising-charger-bar-cafe-restaurants-1.jpg?id=8277) !important;background-position: 0 0 !important;background-repeat: no-repeat !important;}&#8221; el_class=&#8221;area-advertise&#8221;][vc_column width=&#8221;5\/6&#8243; offset=&#8221;vc_col-lg-7 vc_col-md-8&#8243; css=&#8221;.vc_custom_1504107599031{margin-top: -70px !important;}&#8221; el_class=&#8221;area-advertise&#8221;][vc_column_text el_class=&#8221;my-mobile-effect&#8221; css=&#8221;.vc_custom_1555764776634{background-image: url(https:\/\/s3-eu-central-1.amazonaws.com\/images.caferestopowerbank.com\/wp\/wp-content\/uploads\/2017\/09\/20003927\/advertising-powerbank-promotion-brand-pop-marketing-tool2.jpg?id=8093) !important;}&#8221;]<img decoding=\"async\" loading=\"lazy\" class=\"alignnone wp-image-8278 size-full\" src=\"https:\/\/s3.eu-central-1.amazonaws.com\/images.caferestopowerbank.com\/wp\/wp-content\/uploads\/2017\/09\/20155242\/power-up-spot-table-top-advertising-charger-bar-cafe-restaurants-2.jpg\" alt=\"\" width=\"1000\" height=\"734\" \/>[\/vc_column_text][pbr_title_heading title=&#8221;Ogla\u0161avanje&#8221; descript=&#8221;NEW AGE POP MATERIJAL&#8221;][pbr_featuredbox title=&#8221;Efikasno promovira proizvode&#8221; style=&#8221;v1&#8243; icon=&#8221;&#8221; photo=&#8221;8110&#8243; information=&#8221;Power Up Spot\u00ae efikasno fukncionira kao promotivni alat koji je pozicioniran na mjestu upotrebe. Komunicira, informira, podsje\u0107a i utje\u010de na odluku kupnje. U isto vrijeme \u0161alje Va\u0161u poruku direktno prema ciljanoj publici neovisno o doga\u0111anju ili prostoru u kojem se ure\u0111aj nalazi. &#8220;][vc_empty_space height=&#8221;20px&#8221;][pbr_featuredbox title=&#8221;Predstavljanje proizvoda&#8221; style=&#8221;v1&#8243; icon=&#8221;&#8221; photo=&#8221;8110&#8243; information=&#8221;U slu\u010daju predstavljanja novih proizvoda Power Up Spot\u00ae mo\u017ee zna\u010dajno unaprijediti prodaju. Promoviraju\u0107i proizvod u trenutku kupnje ure\u0111aj poja\u010dava spontanu odluku o kupnju i komunicira direktno na potro\u0161a\u010de koji su voljni probati nove proizvode. &#8220;][vc_empty_space height=&#8221;20px&#8221;][pbr_featuredbox title=&#8221;Inovacija branda&#8221; style=&#8221;v1&#8243; icon=&#8221;&#8221; photo=&#8221;8110&#8243; information=&#8221;Spaja Va\u0161 brand sa inovativnim proizvodom. Ako je jedan od elementa koji odre\u0111uju Va\u0161 brand inovacija onda omogu\u0107uju\u0107i besplatno punjenje poja\u010dat \u0107e te kontakt sa krajnjim potro\u0161a\u010dem.&#8221;][vc_empty_space height=&#8221;20px&#8221;][pbr_featuredbox title=&#8221;Program nagra\u0111ivanja&#8221; style=&#8221;v1&#8243; icon=&#8221;&#8221; photo=&#8221;8110&#8243; information=&#8221;Nagradite svoje B2B klijente sa korisnim alatom za njihov posao, koji \u0107e unaprijediti njihovo poslovanje. Power Up Spot\u00ae je prepoznat po svojoj jedinstvenosti, pouzdanosti i funkcionalnosti koja doprinosi svakom obliku poslovanja. &#8220;][vc_empty_space height=&#8221;20px&#8221;][vc_column_text]<a class=\"btn btn-lg btn-default contact-effect\" href=\"https:\/\/caferestopowerbank.com\/#contact\">KONTAKTIRAJTE NAS<\/a>[\/vc_column_text][\/vc_column][vc_column width=&#8221;1\/6&#8243; offset=&#8221;vc_col-lg-6 vc_col-md-4 vc_hidden-xs&#8221;][\/vc_column][\/vc_row][vc_row][vc_column][\/vc_column][\/vc_row][vc_row parallax=&#8221;1&#8243; parallax_image=&#8221;7886&#8243; css=&#8221;.vc_custom_1550610708731{padding-top: 170px !important;padding-bottom: 170px !important;}&#8221;][vc_column][vc_column_text]<\/p>\n<h2 class=\"text-white text-big-3\">Unaprijedite svoje usluge<\/h2>\n<p class=\"text-white text-big-2 space-20\">dodavanjem inovativnog alata svom poslovanju<\/p>\n<p><a class=\"btn btn-lg btn-default \" href=\"https:\/\/www.youtube.com\/watch?v=JzEXKord7eE&amp;t\">POGLEDAJTE VIDEO<\/a>[\/vc_column_text][\/vc_column][\/vc_row][vc_row isfullwidth=&#8221;0&#8243; css=&#8221;.vc_custom_1550609081474{margin-top: 60px !important;}&#8221;][vc_column el_class=&#8221;area-gallery&#8221;][pbr_title_heading title=&#8221;Galerija&#8221; descript=&#8221;NA\u0160I PROJEKTI&#8221; style=&#8221;heading-style1&#8243; subtitle=&#8221;Latest&#8221;][vc_gallery type=&#8221;image_grid&#8221; images=&#8221;8069,8070,8062,8071,8064,7266,8068,7260,7262,7803,7270,8066,8067,7810,8061,8063,7285,7261,8065,7271,7290,7811,7264,7268&#8243; img_size=&#8221;full&#8221;][pbr_title_heading title=&#8221;Testimonials&#8221; descript=&#8221;OUR CUSTOMERS SAID&#8221; style=&#8221;heading-style1&#8243; subtitle=&#8221;Latest&#8221;][pbr_testimonials columns=&#8221;3&#8243;][pbr_title_heading title=&#8221;Potvr\u0111eno od&#8221; descript=&#8221;NA\u0160I KLIJENTI&#8221; style=&#8221;heading-style1&#8243; subtitle=&#8221;Latest&#8221;][vc_images_carousel images=&#8221;7725,7723,7724,8209,7748,7741,7721,8211,8210,8218,8217,8213,8470,8472,8474,8471,8469,8214,8216,8215,8478,8476,8212,8467,8473,8475,7750,7744,8468,7756,7779,7751,8479,8477,7753,7764,7763,7769,7762,7773,7760,7759,7752,7747&#8243; img_size=&#8221;full&#8221; onclick=&#8221;link_no&#8221; speed=&#8221;2000&#8243; slides_per_view=&#8221;6&#8243; autoplay=&#8221;yes&#8221; hide_pagination_control=&#8221;yes&#8221; wrap=&#8221;yes&#8221; el_class=&#8221;pc-carousel&#8221;][vc_images_carousel images=&#8221;7725,7723,7724,7748,7741,8216,8210,8217,8209,7721,7752,7753,8218,8213,8215,8211,8214,8484,8487,8485,8482,8476,8486,8483,8478,8212,7747,8480,8477,8475,8479,8481,7750,7756,7762,7751,7769,7744,7773,7760,7764,7763,7779,7759&#8243; img_size=&#8221;full&#8221; onclick=&#8221;link_no&#8221; speed=&#8221;2000&#8243; slides_per_view=&#8221;2&#8243; autoplay=&#8221;yes&#8221; hide_pagination_control=&#8221;yes&#8221; wrap=&#8221;yes&#8221; el_class=&#8221;mobile-carousel&#8221;][\/vc_column][\/vc_row]<\/p>\n","protected":false},"excerpt":{"rendered":"<p>[vc_row isfullwidth=&#8221;0&#8243;][vc_column el_class=&#8221;area-home&#8221;][rev_slider_vc alias=&#8221;home-slider-croatian&#8221;][\/vc_column][\/vc_row][vc_row css=&#8221;.vc_custom_1451496643697{padding-top: 20px !important;padding-bottom: 50px !important;}&#8221;][vc_column el_class=&#8221;area-overview&#8221;][pbr_title_heading title=&#8221;Pregled&#8221; descript=&#8221;OPIS PROIZVODA&#8221; style=&#8221;heading-style1&#8243; subtitle=&#8221;Shop&#8221;][vc_row_inner][vc_column_inner width=&#8221;1\/3&#8243;][vc_column_text] Power Up Spot\u00ae Power Up Spot\u00ae je prvo profesionalno i samostalno rje\u0161enje sa 100%-om personalizacijom! Dizajniran da slu\u017ei 3 razli\u010dite publike, sa jednim proizvodom: javnost, prostori i brandovi! Idealan za sve profesionalne prostore kao \u0161to su: kafi\u0107i, restorani, hoteli, &hellip; <a href=\"https:\/\/powerupspot.com\/hr\/\" class=\"more-link\">Continue reading <span class=\"screen-reader-text\">Power Up Spot\u00ae<\/span><span class=\"meta-nav\">&rarr;<\/span><\/a><\/p>\n","protected":false},"author":1,"featured_media":0,"parent":0,"menu_order":0,"comment_status":"closed","ping_status":"closed","template":"","meta":[],"_links":{"self":[{"href":"https:\/\/powerupspot.com\/hr\/wp-json\/wp\/v2\/pages\/8492"}],"collection":[{"href":"https:\/\/powerupspot.com\/hr\/wp-json\/wp\/v2\/pages"}],"about":[{"href":"https:\/\/powerupspot.com\/hr\/wp-json\/wp\/v2\/types\/page"}],"author":[{"embeddable":true,"href":"https:\/\/powerupspot.com\/hr\/wp-json\/wp\/v2\/users\/1"}],"replies":[{"embeddable":true,"href":"https:\/\/powerupspot.com\/hr\/wp-json\/wp\/v2\/comments?post=8492"}],"version-history":[{"count":22,"href":"https:\/\/powerupspot.com\/hr\/wp-json\/wp\/v2\/pages\/8492\/revisions"}],"predecessor-version":[{"id":8557,"href":"https:\/\/powerupspot.com\/hr\/wp-json\/wp\/v2\/pages\/8492\/revisions\/8557"}],"wp:attachment":[{"href":"https:\/\/powerupspot.com\/hr\/wp-json\/wp\/v2\/media?parent=8492"}],"curies":[{"name":"wp","href":"https:\/\/api.w.org\/{rel}","templated":true}]}}