{"id":8538,"date":"2016-01-01T11:11:38","date_gmt":"2016-01-01T09:11:38","guid":{"rendered":"https:\/\/powerupspot.com\/product\/cafe-resto-powerbank-crystal-clear\/"},"modified":"2020-03-08T20:05:39","modified_gmt":"2020-03-08T18:05:39","slug":"cafe-resto-powerbank-crystal-clear","status":"publish","type":"product","link":"https:\/\/powerupspot.com\/hr\/product\/cafe-resto-powerbank-crystal-clear\/","title":{"rendered":"CRYSTAL CLEAR 20.000mAh"},"content":{"rendered":"<div class=\"item-description row \">\n<div class=\"col-md-4\">\n<h3 class=\"title-heading\">Informacije o proizvodu<\/h3>\n<\/div>\n<div class=\"col-md-8\">\n<p>Proizvod je dostavljen slo\u017een kao na slici. Izra\u0111en je od visoko kvalitetnog plexiglasa i prolazi kroz mnogo procesa i zavr\u0161ih obrada kako bi postigli odli\u010dan izgled ure\u0111aja. Visoki kapacitet ROMOSS Power Bank od 20.000mAh se koristi za skladi\u0161tenje energije.<\/p>\n<p>Dolazi sa dva spiralna kabla koji sadr\u017ee 3 izlaza za punjenje svih mobilnih ure\u0111aja (Lightning \/ micro-USB \/ type-C)<\/p>\n<\/div>\n<\/div>\n<div class=\"item-description row\">\n<div class=\"col-md-4\">\n<h3 class=\"title-heading\">Tehni\u010dke specifikacije<\/h3>\n<\/div>\n<div class=\"col-md-8\">\n<table class=\"table table-bordered\">\n<tbody>\n<tr class=\"\">\n<th>Certifikati:<\/th>\n<td>CE, FCC &amp; RoHS<\/td>\n<\/tr>\n<tr class=\"\">\n<th>Pogodno za punjenje:<\/th>\n<td>Pametni telefoni i tableti (bez obzira na brand i software) \/ kompatibilni digitalni fotoaparati \/ MP3 \/ MP4 \/ igra\u0107e konzole \/ elektri\u010dne cigarete \/ razni ure\u0111aji DC 5V.<\/td>\n<\/tr>\n<tr class=\"\">\n<th>Kablovi\/Tipovi izlaza:<\/th>\n<td>Dva trojna kabela za ure\u0111aje (Lightning \/ micro-USB \/ type-C)<\/td>\n<\/tr>\n<tr class=\"\">\n<th>Kapacitet baterije:<\/th>\n<td>20.000mAh (mogu\u0107e do 7 punih punjenja prosje\u010dnog pametnog telefona od 2500mAh ili oko 14 punjenja od 50%)<\/td>\n<\/tr>\n<tr class=\"\">\n<th>Tip baterije:<\/th>\n<td>Litij-Polimer <\/td>\n<\/tr>\n<tr class=\"\">\n<th>Dimenzije:<\/th>\n<td>Duljina 13,5cm x 9cm (baza) \/ Visina: 22,5cm (print povr\u0161ina 10,8&#215;21,5cm)<\/td>\n<\/tr>\n<tr class=\"\">\n<th>Te\u017eina:<\/th>\n<td>850 grama<\/td>\n<\/tr>\n<tr class=\"\">\n<th>Trajanje punjenja ure\u0111aja:<\/th>\n<td>20.000mAh: \u224812 hours ( koriste\u0107i USB zidni punja\u010d 2,1A)\/ NE puniti preko laptopa \/ Ne dopustite da se baterija do kraja isprazni &#8211; po\u010dnite puniti kada zadnja lapica indikatora baterije po\u010dne treptati\n<\/td>\n<\/tr>\n<tr class=\"\">\n<th>Vijek trajanja baterije:<\/th>\n<td>Vi\u0161e od 500 punjenja (\u22482-3 godine normalne uporabe)<\/td>\n<\/tr>\n<tr class=\"\">\n<th>Punjenje:<\/th>\n<td>Pomo\u0107u USB zidnog punja\u010da (prodaje se odvojeno) sa 2,1A izlazom.  Mogu se i koristit punja\u010di za pametne ure\u0111aje sve dok je izlaz 2,1A. Ako koristite 1A &#8211; o\u010dekujte jako sporo punjenje<\/td>\n<\/tr>\n<tr class=\"\">\n<th>Intikator statusa baterije:<\/th>\n<td>LED indikator baterije u 4 razine<\/td>\n<\/tr>\n<tr class=\"\">\n<th>Ulaz:<\/th>\n<td>DC 5V \/ 2,1A Max<\/td>\n<\/tr>\n<tr class=\"\">\n<th>Izlaz:<\/th>\n<td>DC 5V \/ 2,1A Max &amp; DC 5V \/ 1A Max<\/td>\n<\/tr>\n<tr class=\"\">\n<th>Ukupan izlaz baterije:<\/th>\n<td>DC 5V \/ 2,1\u0391<\/td>\n<\/tr>\n<tr class=\"\">\n<th>Garancija:<\/th>\n<td>12 mjeseci na bateriju ure\u0111aja<\/td>\n<\/tr>\n<\/tbody>\n<\/table>\n<\/div>\n<\/div>\n<div class=\"item-description row\">\n<div class=\"col-md-4\">\n<h3 class=\"title-heading\">Dodaci<\/h3>\n<\/div>\n<div class=\"col-md-8\">\n<p>Baterija se mo\u017ee puniti USB punja\u010dem (prodaje se odvojeno). U ponudi su dvije vrste USB punja\u010da: 2xUSB (2,4A ukupno) i 5xUSB (7A ukupno) tako da mo\u017eete puniti izme\u0111u 2 do 5 Power Up Spot-ova\u00ae istovremeno.<\/p>\n<p><img decoding=\"async\" loading=\"lazy\" class=\"alignnone size-full wp-image-8186\" src=\"http:\/\/s3.eu-central-1.amazonaws.com\/images.caferestopowerbank.com\/wp\/wp-content\/uploads\/2017\/11\/22225257\/charging-accessories-power-up-spot.jpg\" alt=\"\" width=\"1000\" height=\"471\" \/><\/p>\n<\/div>\n<\/div>\n<div class=\"item-description row\">\n<div class=\"col-md-4\">\n<h3 class=\"title-heading\">Personalizacija<\/h3>\n<\/div>\n<div class=\"col-md-8\">\n<p>Power Up Spot\u00ae je napravljen da odgovara Va\u0161em identitetu. 100% prilagodba proizvoda je dostupna sa pripremom po Va\u0161oj \u017eelji. Crystal Clear verzija je dostupna sa printom na obe strane. Jet Black\/Misty White\/Natural Wood verzije su dostupne sa printom na jednu stranu. Pogledajte primjere ispod.<\/p>\n<p>&nbsp;<\/p>\n<p><img decoding=\"async\" loading=\"lazy\" class=\"alignnone size-full wp-image-8192\" src=\"http:\/\/s3.eu-central-1.amazonaws.com\/images.caferestopowerbank.com\/wp\/wp-content\/uploads\/2017\/11\/22225813\/power-up-spot-customization.jpg\" alt=\"\" width=\"1000\" height=\"471\" \/><\/p>\n<\/div>\n<\/div>\n<div class=\"item-description row\">\n<div class=\"col-md-4\">\n<h3 class=\"title-heading\">Sistem protiv kra\u0111e<\/h3>\n<\/div>\n<div class=\"col-md-8\">\n<p>Kabel od 40cm izra\u0111en od metala i plastike sa lokotom koji se postavi na ravnu povr\u0161inu. Lagano otklju\u010dajte i zaklju\u010dajte ure\u0111aje koriste\u0107i jedan klju\u010d za svakih deset ure\u0111aja. Prodaje se odvojeno<\/p>\n<p>&nbsp;<\/p>\n<p><img decoding=\"async\" loading=\"lazy\" class=\"alignnone size-full wp-image-8316\" src=\"http:\/\/s3.eu-central-1.amazonaws.com\/images.caferestopowerbank.com\/wp\/wp-content\/uploads\/2016\/01\/20192055\/power-up-spot-fortistis-cafe-bar-antikleptiko.jpg\" alt=\"\" width=\"1000\" height=\"471\" \/><\/p>\n<\/div>\n<\/div>\n","protected":false},"excerpt":{"rendered":"<p>Autonomni punja\u010d, Power Up Spot\u00ae Crystal Clear 20.000mAh.<\/p>\n<p>Idealan za prostore poput kafi\u0107a, barova, restorana, hotela, kozmeti\u010dkih salona kao i za ostale prostore gdje ljudi provode ugodno vrijeme ili \u010dekaju uslugu.<\/p>\n<p>Mo\u017ee biti jedostavno postavljen bez kompliciranog procesa te ne zahtjeva stalni izvor energije.<\/p>\n<p>Mo\u017ee puniti sve ure\u0111aje od 5V sa Lightning \/ micro-USB \/ type-C ulazima.<\/p>\n","protected":false},"featured_media":8312,"comment_status":"open","ping_status":"closed","template":"","meta":[],"product_cat":[189],"product_tag":[],"_links":{"self":[{"href":"https:\/\/powerupspot.com\/hr\/wp-json\/wp\/v2\/product\/8538"}],"collection":[{"href":"https:\/\/powerupspot.com\/hr\/wp-json\/wp\/v2\/product"}],"about":[{"href":"https:\/\/powerupspot.com\/hr\/wp-json\/wp\/v2\/types\/product"}],"replies":[{"embeddable":true,"href":"https:\/\/powerupspot.com\/hr\/wp-json\/wp\/v2\/comments?post=8538"}],"wp:featuredmedia":[{"embeddable":true,"href":"https:\/\/powerupspot.com\/hr\/wp-json\/wp\/v2\/media\/8312"}],"wp:attachment":[{"href":"https:\/\/powerupspot.com\/hr\/wp-json\/wp\/v2\/media?parent=8538"}],"wp:term":[{"taxonomy":"product_cat","embeddable":true,"href":"https:\/\/powerupspot.com\/hr\/wp-json\/wp\/v2\/product_cat?post=8538"},{"taxonomy":"product_tag","embeddable":true,"href":"https:\/\/powerupspot.com\/hr\/wp-json\/wp\/v2\/product_tag?post=8538"}],"curies":[{"name":"wp","href":"https:\/\/api.w.org\/{rel}","templated":true}]}}