{"id":8553,"date":"2015-12-30T11:05:45","date_gmt":"2015-12-30T09:05:45","guid":{"rendered":"https:\/\/powerupspot.com\/?post_type=product&#038;p=8553"},"modified":"2020-03-10T11:52:20","modified_gmt":"2020-03-10T09:52:20","slug":"personalizacija-sa-vasim-logotipom","status":"publish","type":"product","link":"https:\/\/powerupspot.com\/hr\/product\/personalizacija-sa-vasim-logotipom\/","title":{"rendered":"Personalizacija sa Va\u0161im Logotipom"},"content":{"rendered":"","protected":false},"excerpt":{"rendered":"<p>&nbsp;<\/p>\n<p>Power Up Spot\u00ae mo\u017ee bit personaliziran sa Va\u0161im logotipom ili Va\u0161om pripremom.<\/p>\n<p>Mo\u017eete nam poslat svoju pripremu u dimenzijama 11&#215;21,5cm (+3mm napusta), PDF 300dpi ili nam poslati Va\u0161 logo te \u0107emo mi odraditi pripremu za Vas.<\/p>\n<p>Print se radi Fullcover sa unutranje strane plexi stakla \u0161to \u010dini finalni produkt impresivnim<\/p>\n<p>Crystal Clear verzija je dostupna sa printom na obe strane dok su Jet Black, Misty White i Natural Wood verzije dostupne sa printom na jednu stranu.<\/p>\n","protected":false},"featured_media":7997,"comment_status":"open","ping_status":"closed","template":"","meta":[],"product_cat":[189],"product_tag":[],"_links":{"self":[{"href":"https:\/\/powerupspot.com\/hr\/wp-json\/wp\/v2\/product\/8553"}],"collection":[{"href":"https:\/\/powerupspot.com\/hr\/wp-json\/wp\/v2\/product"}],"about":[{"href":"https:\/\/powerupspot.com\/hr\/wp-json\/wp\/v2\/types\/product"}],"replies":[{"embeddable":true,"href":"https:\/\/powerupspot.com\/hr\/wp-json\/wp\/v2\/comments?post=8553"}],"wp:featuredmedia":[{"embeddable":true,"href":"https:\/\/powerupspot.com\/hr\/wp-json\/wp\/v2\/media\/7997"}],"wp:attachment":[{"href":"https:\/\/powerupspot.com\/hr\/wp-json\/wp\/v2\/media?parent=8553"}],"wp:term":[{"taxonomy":"product_cat","embeddable":true,"href":"https:\/\/powerupspot.com\/hr\/wp-json\/wp\/v2\/product_cat?post=8553"},{"taxonomy":"product_tag","embeddable":true,"href":"https:\/\/powerupspot.com\/hr\/wp-json\/wp\/v2\/product_tag?post=8553"}],"curies":[{"name":"wp","href":"https:\/\/api.w.org\/{rel}","templated":true}]}}