{"id":8554,"date":"2015-12-30T11:05:09","date_gmt":"2015-12-30T09:05:09","guid":{"rendered":"https:\/\/powerupspot.com\/?post_type=product&#038;p=8554"},"modified":"2020-03-10T11:56:24","modified_gmt":"2020-03-10T09:56:24","slug":"385000-protuprovalna-brava-40-cm-crna-sa-2-kljuca","status":"publish","type":"product","link":"https:\/\/powerupspot.com\/hr\/product\/385000-protuprovalna-brava-40-cm-crna-sa-2-kljuca\/","title":{"rendered":"38\/5000 Protuprovalna brava 40 cm crna sa 2 klju\u010da"},"content":{"rendered":"","protected":false},"excerpt":{"rendered":"<p>Kabel od 40cm izra\u0111en od metala i plastike sa lokotom koji se postavi na ravnu povr\u0161inu. Lagano otklju\u010dajte i zaklju\u010dajte ure\u0111aje koriste\u0107i jedan klju\u010d za svakih deset ure\u0111aja. Prodaje se odvojeno<\/p>\n<p>Prilikom otklju\u010davanja ure\u0111aja jedini dio koji ostaje na stolu je crni dio.<\/p>\n<p>Idealno rje\u0161enje za velike otvorene i zatvorene prostore.<\/p>\n<p><img decoding=\"async\" loading=\"lazy\" class=\"alignnone size-full wp-image-8354\" src=\"http:\/\/s3.eu-central-1.amazonaws.com\/images.caferestopowerbank.com\/wp\/wp-content\/uploads\/2018\/10\/23181329\/anti-theft-locker-power-up-spot-tabletop-charging-solution-bar-restaurants.jpg\" alt=\"\" width=\"1000\" height=\"471\" \/><\/p>\n","protected":false},"featured_media":8417,"comment_status":"open","ping_status":"closed","template":"","meta":[],"product_cat":[189],"product_tag":[],"_links":{"self":[{"href":"https:\/\/powerupspot.com\/hr\/wp-json\/wp\/v2\/product\/8554"}],"collection":[{"href":"https:\/\/powerupspot.com\/hr\/wp-json\/wp\/v2\/product"}],"about":[{"href":"https:\/\/powerupspot.com\/hr\/wp-json\/wp\/v2\/types\/product"}],"replies":[{"embeddable":true,"href":"https:\/\/powerupspot.com\/hr\/wp-json\/wp\/v2\/comments?post=8554"}],"wp:featuredmedia":[{"embeddable":true,"href":"https:\/\/powerupspot.com\/hr\/wp-json\/wp\/v2\/media\/8417"}],"wp:attachment":[{"href":"https:\/\/powerupspot.com\/hr\/wp-json\/wp\/v2\/media?parent=8554"}],"wp:term":[{"taxonomy":"product_cat","embeddable":true,"href":"https:\/\/powerupspot.com\/hr\/wp-json\/wp\/v2\/product_cat?post=8554"},{"taxonomy":"product_tag","embeddable":true,"href":"https:\/\/powerupspot.com\/hr\/wp-json\/wp\/v2\/product_tag?post=8554"}],"curies":[{"name":"wp","href":"https:\/\/api.w.org\/{rel}","templated":true}]}}